{"id":6820,"date":"2025-04-05T13:43:19","date_gmt":"2025-04-05T13:43:19","guid":{"rendered":"https:\/\/purposefuel.life\/?page_id=6820"},"modified":"2025-07-24T17:34:30","modified_gmt":"2025-07-24T17:34:30","slug":"entrepreneurship","status":"publish","type":"page","link":"https:\/\/purposefuel.life\/de\/entrepreneurship\/","title":{"rendered":"Unternehmertum"},"content":{"rendered":"<div class=\"et_pb_section_4 et_pb_section et_section_regular et_block_section\">\n<div class=\"et_pb_row_4 et_pb_row et_pb_gutters3 et_block_row\">\n<div class=\"et_pb_column_6 et_pb_column et_pb_column_1_2 et_block_column et_pb_css_mix_blend_mode_passthrough\">\n<div class=\"et_pb_text_4 et_pb_text et_pb_bg_layout_light et_pb_module\"><div class=\"et_pb_text_inner\"><h1 data-start=\"393\" data-end=\"449\"><strong data-start=\"409\" data-end=\"449\">Baue. \u00dcberwinde Grenzen. Skaliere Impact.<\/strong><\/h1>\n<p>Verwandeln Sie Ihre Ideen in Klarheit. Vom Ehrgeiz zum Handeln. Vom Rauschen zum Signal<br \/>Es ist nicht nur ein Gesch\u00e4ft, sondern ein System, das Sie st\u00e4rkt.<\/p>\n<p><strong>Unternehmertum ist keine Berufsbezeichnung. Es ist eine Konfrontation.<br \/>Mit deinen \u00c4ngsten. Deine Muster. Ihre Konditionierung.<br \/><\/strong>Es ist eine t\u00e4gliche Entscheidung, Freiheit, Wirkung und Wachstum zu verfolgen, auch wenn der vor uns liegende Weg neblig ist. <br \/>In diesem Abschnitt gehen wir tief in die Systeme, Psychologie und Strategien ein, die Ihnen helfen, <em>von innen<\/em> aus<\/p>\n<p>Keine Tricks. Keine Trends. Genau das, was funktioniert, wenn Sie es wagen, sich selbst zu vertrauen.<\/p>\n<\/div><\/div>\n<\/div>\n\n<div class=\"et_pb_column_7 et_pb_column et_pb_column_1_2 et-last-child et_block_column et_pb_css_mix_blend_mode_passthrough\">\n<div class=\"et_pb_image_1 et_pb_image et_pb_image_sticky et_pb_module\"><span class=\"et_pb_image_wrap\"><img loading=\"lazy\" decoding=\"async\" src=\"https:\/\/purposefuel.life\/wp-content\/uploads\/2025\/04\/sight-seeing-44.png\" width=\"1000\" height=\"1187\" srcset=\"https:\/\/purposefuel.life\/wp-content\/uploads\/2025\/04\/sight-seeing-44.png 1000w, https:\/\/purposefuel.life\/wp-content\/uploads\/2025\/04\/sight-seeing-44-980x1163.png 980w, https:\/\/purposefuel.life\/wp-content\/uploads\/2025\/04\/sight-seeing-44-480x570.png 480w\" sizes=\"(min-width: 0px) and (max-width: 480px) 480px, (min-width: 481px) and (max-width: 980px) 980px, (min-width: 981px) 1000px, 100vw\" class=\"wp-image-6884\" \/><\/span><\/div>\n<\/div>\n<\/div>\n<\/div>\n\n<div class=\"et_pb_section_5 et_pb_section et_section_regular et_block_section\">\n<div class=\"et_pb_row_5 et_pb_row et_pb_gutters3 et_block_row\">\n<div class=\"et_pb_column_8 et_pb_column et_pb_column_4_4 et-last-child et_block_column et_pb_css_mix_blend_mode_passthrough\">\n<div class=\"et_pb_text_5 et_pb_text et_pb_bg_layout_dark et_pb_module\"><div class=\"et_pb_text_inner\"><h2><span class=\"ez-toc-section\" id=\"A-Personal-Note-From-Me\"><\/span>Eine pers\u00f6nliche Notiz von mir<span class=\"ez-toc-section-end\"><\/span><\/h2>\n<p><em data-start=\"1911\" data-end=\"2103\">Entrepreneurship war mein Lehrer.<br \/>Es bat mich zu w\u00e4hlen: Entweder verlierst du dich im L\u00e4rm oder schaffst Klarheit mit meinen eigenen H\u00e4nden.<br \/>Was ich hier teile, wird gelebt. Ich scheiterte daran. Ich habe durch sie gelernt.<br \/>Das ist kein Ratschlag von oben. Es ist eine Karte aus der Mitte.<br \/>Sie erhalten auch Pl\u00e4tze in der ersten Reihe, wie ich neue Projekte baue: roh, echt und ohne Polieren.<br \/>Aber denken Sie daran: Es gibt keine \u201erichtige\u201c Bauweise<br \/><\/em><em data-start=\"1911\" data-end=\"2103\"><\/em><em data-start=\"1911\" data-end=\"2103\">Du bist dein Gesch\u00e4ft. Und je mehr du dich ausdr\u00fcckst, desto m\u00e4chtiger und authentischer wird es.<\/em><\/p>\n<\/div><\/div>\n<\/div>\n<\/div>\n<\/div>\n\n<div class=\"et_pb_section_6 et_pb_section et_section_regular et_block_section\">\n<div class=\"et_pb_row_6 et_pb_row et_pb_gutters3 et_block_row\">\n<div class=\"et_pb_column_9 et_pb_column et_pb_column_4_4 et-last-child et_block_column et_pb_css_mix_blend_mode_passthrough\">\n<div class=\"et_pb_blog_1 et_pb_blog et_pb_bg_layout_light et_pb_blog_grid_wrapper et_pb_module et_blog_grid_equal_height\"><div class=\"et_pb_blog_grid clearfix\"><div class=\"et_pb_ajax_pagination_container et_pb_posts\"><div class=\"et_pb_salvattore_content\" data-columns=\"\"><article class=\"et_pb_post et_pb_post_id_9051 clearfix et_pb_blog_item_1_0 post-9051 post type-post status-publish format-standard has-post-thumbnail hentry category-lead-yourself category-build-with-purpose category-the-entrepreneurs-mindset category-growth-mindset-resilience tag-stuck tag-start series-growth-mindset-resilience\"><div class=\"et_pb_image_container\"><a href=\"https:\/\/purposefuel.life\/de\/the-real-reason-you-are-not-starting-and-why-you-never-will-if-this-does-not-change\/\" class=\"entry-featured-image-url\"><img loading=\"lazy\" decoding=\"async\" src=\"https:\/\/purposefuel.life\/wp-content\/uploads\/ofsbiiq89qw.jpg\" width=\"400\" height=\"284\" alt=\"Stuck und Start\" class=\"\" srcset=\"https:\/\/purposefuel.life\/wp-content\/uploads\/ofsbiiq89qw.jpg 479w, https:\/\/purposefuel.life\/wp-content\/uploads\/ofsbiiq89qw-400x284.jpg 480w\" sizes=\"(max-width:479px) 479px, 100vw\" \/><span data-icon=\"\ue050\" class=\"et_overlay et_pb_inline_icon\"><\/span><\/a><\/div><h2 class=\"entry-title\"><span class=\"ez-toc-section\" id=\"The-Real-Reason-You-Are-Not-Starting-And-Why-You-Never-Will-If-This-Does-Not-Change\"><\/span><a href=\"https:\/\/purposefuel.life\/de\/the-real-reason-you-are-not-starting-and-why-you-never-will-if-this-does-not-change\/\">Der wahre Grund, warum Sie nicht anfangen (und warum Sie es nie tun werden, wenn sich dies nicht \u00e4ndert)<\/a><span class=\"ez-toc-section-end\"><\/span><\/h2><p class=\"post-meta\"><span class=\"published\">Juli 25, 2025<\/span> | <span class=\"entry-categories\"><a href=\"https:\/\/purposefuel.life\/de\/category\/lead-yourself\/\" rel=\"tag\">F\u00fchre dich selbst<\/a>, <a href=\"https:\/\/purposefuel.life\/de\/category\/build-with-purpose\/\" rel=\"tag\">Bauen mit Zweck<\/a>, <a href=\"https:\/\/purposefuel.life\/de\/category\/build-with-purpose\/the-entrepreneurs-mindset\/\" rel=\"tag\">Die Denkweise des Unternehmers<\/a>, <a href=\"https:\/\/purposefuel.life\/de\/category\/lead-yourself\/growth-mindset-resilience\/\" rel=\"tag\">Wachstumsdenken &amp; Resilienz<\/a><\/span> | <span class=\"entry-comments\">0 Kommentare<\/span><\/p><div class=\"post-content\"><div class=\"post-content-inner\"><p>Sie wissen, dass etwas nicht stimmt.Sie f\u00fchlen die Spannung.Dies ist nicht das Leben, das Sie wollten.Sie sind nicht dort, wo Sie dachten, dass Sie sein w\u00fcrden. Du gibst es zu. Du redest sogar dar\u00fcber.Du schreibst es in dein Tagebuch. Du nennst es in Gespr\u00e4chen. Aber...<\/p>\n<\/div><a href=\"https:\/\/purposefuel.life\/de\/the-real-reason-you-are-not-starting-and-why-you-never-will-if-this-does-not-change\/\" class=\"more-link\">Lesen Sie mehr<\/a><\/div><\/article><article class=\"et_pb_post et_pb_post_id_9047 clearfix et_pb_blog_item_1_1 post-9047 post type-post status-publish format-standard has-post-thumbnail hentry category-build-with-purpose category-the-entrepreneurs-mindset tag-comfort-or-courage tag-stability-or-freedom tag-entrepreneur tag-9-5 tag-escape-the-rat-race series-the-entrepreneurs-mindset\"><div class=\"et_pb_image_container\"><a href=\"https:\/\/purposefuel.life\/de\/why-9-5-is-not-the-enemy-and-entrepreneurship-is-not-always-the-answer\/\" class=\"entry-featured-image-url\"><img loading=\"lazy\" decoding=\"async\" src=\"https:\/\/purposefuel.life\/wp-content\/uploads\/c2cukwbkqpg.jpg\" width=\"400\" height=\"284\" alt=\"9-5, Unternehmer, B\u00fcro, Strand\" class=\"\" srcset=\"https:\/\/purposefuel.life\/wp-content\/uploads\/c2cukwbkqpg.jpg 479w, https:\/\/purposefuel.life\/wp-content\/uploads\/c2cukwbkqpg-400x284.jpg 480w\" sizes=\"(max-width:479px) 479px, 100vw\" \/><span data-icon=\"\ue050\" class=\"et_overlay et_pb_inline_icon\"><\/span><\/a><\/div><h2 class=\"entry-title\"><span class=\"ez-toc-section\" id=\"Why-9%E2%80%935-Is-Not-the-Enemy-And-Entrepreneurship-Is-Not-Always-the-Answer\"><\/span><a href=\"https:\/\/purposefuel.life\/de\/why-9-5-is-not-the-enemy-and-entrepreneurship-is-not-always-the-answer\/\">Warum 9-5 nicht der Feind ist (und Unternehmertum nicht immer die Antwort ist)<\/a><span class=\"ez-toc-section-end\"><\/span><\/h2><p class=\"post-meta\"><span class=\"published\">Juli 24, 2025<\/span> | <span class=\"entry-categories\"><a href=\"https:\/\/purposefuel.life\/de\/category\/build-with-purpose\/\" rel=\"tag\">Bauen mit Zweck<\/a>, <a href=\"https:\/\/purposefuel.life\/de\/category\/build-with-purpose\/the-entrepreneurs-mindset\/\" rel=\"tag\">Die Denkweise des Unternehmers<\/a><\/span> | <span class=\"entry-comments\">0 Kommentare<\/span><\/p><div class=\"post-content\"><div class=\"post-content-inner\"><p>Der Traum, der Ihnen verkauft wurde \u201eIst 9-5 schlecht? Sollte ich ganz mein Job sein und Unternehmer sein?\u201c Entfliehen Sie dem B\u00fcro.Arbeiten Sie von einem Strand.Own your time. Sei dein eigener Chef. Lebe voll und ganz. Das ist die Fantasie, verpackt, verkauft und geliefert. Aber die meisten Menschen, die...<\/p>\n<\/div><a href=\"https:\/\/purposefuel.life\/de\/why-9-5-is-not-the-enemy-and-entrepreneurship-is-not-always-the-answer\/\" class=\"more-link\">Lesen Sie mehr<\/a><\/div><\/article><article class=\"et_pb_post et_pb_post_id_8666 clearfix et_pb_blog_item_1_2 post-8666 post type-post status-publish format-standard has-post-thumbnail hentry category-build-with-purpose category-the-entrepreneurs-mindset series-the-entrepreneurs-mindset\"><div class=\"et_pb_image_container\"><a href=\"https:\/\/purposefuel.life\/de\/how-to-manage-your-time-effectively-energy-environment-and-leverage\/\" class=\"entry-featured-image-url\"><img loading=\"lazy\" decoding=\"async\" src=\"https:\/\/purposefuel.life\/wp-content\/uploads\/aiybwbrwwlo-1.jpg\" width=\"400\" height=\"284\" alt=\"Zeitmanagement &amp; Energie\" class=\"\" srcset=\"https:\/\/purposefuel.life\/wp-content\/uploads\/aiybwbrwwlo-1.jpg 479w, https:\/\/purposefuel.life\/wp-content\/uploads\/aiybwbrwwlo-1-400x284.jpg 480w\" sizes=\"(max-width:479px) 479px, 100vw\" \/><span data-icon=\"\ue050\" class=\"et_overlay et_pb_inline_icon\"><\/span><\/a><\/div><h2 class=\"entry-title\"><span class=\"ez-toc-section\" id=\"How-to-Manage-Your-Time-Effectively-Energy-Environment-and-Leverage\"><\/span><a href=\"https:\/\/purposefuel.life\/de\/how-to-manage-your-time-effectively-energy-environment-and-leverage\/\">So verwalten Sie Ihre Zeit effektiv: Energie, Umwelt und Hebelwirkung<\/a><span class=\"ez-toc-section-end\"><\/span><\/h2><p class=\"post-meta\"><span class=\"published\">Juli 16, 2025<\/span> | <span class=\"entry-categories\"><a href=\"https:\/\/purposefuel.life\/de\/category\/build-with-purpose\/\" rel=\"tag\">Bauen mit Zweck<\/a>, <a href=\"https:\/\/purposefuel.life\/de\/category\/build-with-purpose\/the-entrepreneurs-mindset\/\" rel=\"tag\">Die Denkweise des Unternehmers<\/a><\/span> | <span class=\"entry-comments\">0 Kommentare<\/span><\/p><div class=\"post-content\"><div class=\"post-content-inner\"><p>Warum die meisten Menschen Zeitmanagement falsch machen Die meisten Menschen glauben, dass das Verwalten Ihrer Zeit bedeutet, dass Sie Ihren Zeitplan mit so vielen Aufgaben wie m\u00f6glich f\u00fcllen. Mehr Stunden. Mehr Listen. Das ist der Fehler. Die Wahrheit: Bei einem effektiven Zeitmanagement geht es nicht darum,...<\/p>\n<\/div><a href=\"https:\/\/purposefuel.life\/de\/how-to-manage-your-time-effectively-energy-environment-and-leverage\/\" class=\"more-link\">Lesen Sie mehr<\/a><\/div><\/article><article class=\"et_pb_post et_pb_post_id_8381 clearfix et_pb_blog_item_1_3 post-8381 post type-post status-publish format-standard has-post-thumbnail hentry category-build-with-purpose category-the-entrepreneurs-mindset series-the-entrepreneurs-mindset\"><div class=\"et_pb_image_container\"><a href=\"https:\/\/purposefuel.life\/de\/the-entrepreneurial-mindset-you-are-not-your-mindset-its-just-a-tool\/\" class=\"entry-featured-image-url\"><img loading=\"lazy\" decoding=\"async\" src=\"https:\/\/purposefuel.life\/wp-content\/uploads\/phvvmljzf84.jpg\" width=\"400\" height=\"284\" alt=\"Perspektiven und Mindset\" class=\"\" srcset=\"https:\/\/purposefuel.life\/wp-content\/uploads\/phvvmljzf84.jpg 479w, https:\/\/purposefuel.life\/wp-content\/uploads\/phvvmljzf84-400x284.jpg 480w\" sizes=\"(max-width:479px) 479px, 100vw\" \/><span data-icon=\"\ue050\" class=\"et_overlay et_pb_inline_icon\"><\/span><\/a><\/div><h2 class=\"entry-title\"><span class=\"ez-toc-section\" id=\"You-Are-Not-Your-Mindset-Its-Just-a-Tool\"><\/span><a href=\"https:\/\/purposefuel.life\/de\/the-entrepreneurial-mindset-you-are-not-your-mindset-its-just-a-tool\/\">Du bist nicht dein Mindset! Es ist nur ein Werkzeug<\/a><span class=\"ez-toc-section-end\"><\/span><\/h2><p class=\"post-meta\"><span class=\"published\">21. Mai 2025<\/span> | <span class=\"entry-categories\"><a href=\"https:\/\/purposefuel.life\/de\/category\/build-with-purpose\/\" rel=\"tag\">Bauen mit Zweck<\/a>, <a href=\"https:\/\/purposefuel.life\/de\/category\/build-with-purpose\/the-entrepreneurs-mindset\/\" rel=\"tag\">Die Denkweise des Unternehmers<\/a><\/span> | <span class=\"entry-comments\">0 Kommentare<\/span><\/p><div class=\"post-content\"><div class=\"post-content-inner\"><p>Wie in \u201eThe Truth About Mindsets, And How They Quietly Shape Your Life\u201c (Die Wahrheit \u00fcber Denkweisen und wie sie Ihr Leben in aller Stille formen) beschrieben, pr\u00e4gt Ihre Denkweise den Umgang mit Misserfolg, Feedback, Erfolg und Kampf. Es ist wichtig zu verstehen, dass Ihre Denkweise nichts Festes ist. Sie w\u00e4chst. Und...<\/p>\n<\/div><a href=\"https:\/\/purposefuel.life\/de\/the-entrepreneurial-mindset-you-are-not-your-mindset-its-just-a-tool\/\" class=\"more-link\">Lesen Sie mehr<\/a><\/div><\/article><article class=\"et_pb_post et_pb_post_id_8249 clearfix et_pb_blog_item_1_4 post-8249 post type-post status-publish format-standard has-post-thumbnail hentry category-build-with-purpose category-the-entrepreneurs-mindset series-the-entrepreneurs-mindset\"><div class=\"et_pb_image_container\"><a href=\"https:\/\/purposefuel.life\/de\/why-your-assumptions-might-be-holding-you-back-and-how-to-break-free\/\" class=\"entry-featured-image-url\"><img loading=\"lazy\" decoding=\"async\" src=\"https:\/\/purposefuel.life\/wp-content\/uploads\/jvpjw4rvbi4.jpg\" width=\"400\" height=\"284\" alt=\"Befreien Sie sich von Grenz\u00fcberzeugungen und Annahmen\" class=\"\" srcset=\"https:\/\/purposefuel.life\/wp-content\/uploads\/jvpjw4rvbi4.jpg 479w, https:\/\/purposefuel.life\/wp-content\/uploads\/jvpjw4rvbi4-400x284.jpg 480w\" sizes=\"(max-width:479px) 479px, 100vw\" \/><span data-icon=\"\ue050\" class=\"et_overlay et_pb_inline_icon\"><\/span><\/a><\/div><h2 class=\"entry-title\"><span class=\"ez-toc-section\" id=\"Why-Your-Assumptions-Might-Be-Holding-You-Back-And-How-to-Break-Free\"><\/span><a href=\"https:\/\/purposefuel.life\/de\/why-your-assumptions-might-be-holding-you-back-and-how-to-break-free\/\">Warum Ihre Annahmen Sie zur\u00fcckhalten k\u00f6nnten (und wie Sie sich befreien k\u00f6nnen)<\/a><span class=\"ez-toc-section-end\"><\/span><\/h2><p class=\"post-meta\"><span class=\"published\">24. April 2025<\/span> | <span class=\"entry-categories\"><a href=\"https:\/\/purposefuel.life\/de\/category\/build-with-purpose\/\" rel=\"tag\">Bauen mit Zweck<\/a>, <a href=\"https:\/\/purposefuel.life\/de\/category\/build-with-purpose\/the-entrepreneurs-mindset\/\" rel=\"tag\">Die Denkweise des Unternehmers<\/a><\/span> | <span class=\"entry-comments\">0 Kommentare<\/span><\/p><div class=\"post-content\"><div class=\"post-content-inner\"><p>Wir glauben, dass wir wissen, wie die Welt funktioniert.Feuer ber\u00fchren, verbrannt werden. Geh raus in den Regen, werde nass.Einfach. Vorhersehbar. Aber was passiert, wenn dieselbe Logik unsere Gesch\u00e4ftsentscheidungen, unsere Kreativit\u00e4t, unser Leben steuert? Was ist, wenn die Annahmen, die wir haben... genau...<\/p>\n<\/div><a href=\"https:\/\/purposefuel.life\/de\/why-your-assumptions-might-be-holding-you-back-and-how-to-break-free\/\" class=\"more-link\">Lesen Sie mehr<\/a><\/div><\/article><article class=\"et_pb_post et_pb_post_id_8200 clearfix et_pb_blog_item_1_5 post-8200 post type-post status-publish format-standard has-post-thumbnail hentry category-build-with-purpose category-the-entrepreneurial-journey series-the-entrepreneurial-journey\"><div class=\"et_pb_image_container\"><a href=\"https:\/\/purposefuel.life\/de\/mvis-the-eye-opening-framework-every-founder-misses-before-mvp\/\" class=\"entry-featured-image-url\"><img loading=\"lazy\" decoding=\"async\" src=\"https:\/\/purposefuel.life\/wp-content\/uploads\/ctkgzjtmjqu.jpg\" width=\"400\" height=\"284\" alt=\"Augen\u00f6ffner, MVI\" class=\"\" srcset=\"https:\/\/purposefuel.life\/wp-content\/uploads\/ctkgzjtmjqu.jpg 479w, https:\/\/purposefuel.life\/wp-content\/uploads\/ctkgzjtmjqu-400x284.jpg 480w\" sizes=\"(max-width:479px) 479px, 100vw\" \/><span data-icon=\"\ue050\" class=\"et_overlay et_pb_inline_icon\"><\/span><\/a><\/div><h2 class=\"entry-title\"><span class=\"ez-toc-section\" id=\"MVIs-The-Eye-Opening-Framework-Every-Founder-Misses-Before-MVP\"><\/span><a href=\"https:\/\/purposefuel.life\/de\/mvis-the-eye-opening-framework-every-founder-misses-before-mvp\/\">MVI: Das augen\u00f6ffnende Framework, das jeder Gr\u00fcnder vor dem MVP vermisst<\/a><span class=\"ez-toc-section-end\"><\/span><\/h2><p class=\"post-meta\"><span class=\"published\">23. April 2025<\/span> | <span class=\"entry-categories\"><a href=\"https:\/\/purposefuel.life\/de\/category\/build-with-purpose\/\" rel=\"tag\">Bauen mit Zweck<\/a>, <a href=\"https:\/\/purposefuel.life\/de\/category\/build-with-purpose\/the-entrepreneurial-journey\/\" rel=\"tag\">Die Unternehmerreise<\/a><\/span> | <span class=\"entry-comments\">0 Kommentare<\/span><\/p><div class=\"post-content\"><div class=\"post-content-inner\"><p>Du hast eine Idee. Es hat Potenzial. Sie haben ein Wireframe herunter gekritzelt oder vielleicht sogar eine Landing Page verspottet. Du bist bereit zu testen, oder? Nicht so schnell. Wenn Sie jemals Stunden damit verbracht haben, etwas zu bauen, nur um Grillen zu h\u00f6ren, sind Sie nicht allein.<\/p>\n<\/div><a href=\"https:\/\/purposefuel.life\/de\/mvis-the-eye-opening-framework-every-founder-misses-before-mvp\/\" class=\"more-link\">Lesen Sie mehr<\/a><\/div><\/article><article class=\"et_pb_post et_pb_post_id_8188 clearfix et_pb_blog_item_1_6 post-8188 post type-post status-publish format-standard has-post-thumbnail hentry category-build-with-purpose category-the-entrepreneurial-journey series-the-entrepreneurial-journey\"><div class=\"et_pb_image_container\"><a href=\"https:\/\/purposefuel.life\/de\/idea-validation-problem-solution-fit-why-your-idea-is-not-the-hero\/\" class=\"entry-featured-image-url\"><img loading=\"lazy\" decoding=\"async\" src=\"https:\/\/purposefuel.life\/wp-content\/uploads\/lrlyzzx6sws.jpg\" width=\"400\" height=\"284\" alt=\"Probleml\u00f6sungspassung\" class=\"\" srcset=\"https:\/\/purposefuel.life\/wp-content\/uploads\/lrlyzzx6sws.jpg 479w, https:\/\/purposefuel.life\/wp-content\/uploads\/lrlyzzx6sws-400x284.jpg 480w\" sizes=\"(max-width:479px) 479px, 100vw\" \/><span data-icon=\"\ue050\" class=\"et_overlay et_pb_inline_icon\"><\/span><\/a><\/div><h2 class=\"entry-title\"><span class=\"ez-toc-section\" id=\"Idea-Validation-Problem-Solution-Fit-Why-Your-Idea-Isnt-the-Hero-You-Are\"><\/span><a href=\"https:\/\/purposefuel.life\/de\/idea-validation-problem-solution-fit-why-your-idea-is-not-the-hero\/\">Ideenvalidierung &amp; Probleml\u00f6sung Fit: Warum Ihre Idee nicht der Held ist. Du bist<\/a><span class=\"ez-toc-section-end\"><\/span><\/h2><p class=\"post-meta\"><span class=\"published\">22. April 2025<\/span> | <span class=\"entry-categories\"><a href=\"https:\/\/purposefuel.life\/de\/category\/build-with-purpose\/\" rel=\"tag\">Bauen mit Zweck<\/a>, <a href=\"https:\/\/purposefuel.life\/de\/category\/build-with-purpose\/the-entrepreneurial-journey\/\" rel=\"tag\">Die Unternehmerreise<\/a><\/span> | <span class=\"entry-comments\">0 Kommentare<\/span><\/p><div class=\"post-content\"><div class=\"post-content-inner\"><p>Wir alle hatten diesen Moment. Ein Funke in der Dusche. Ein Schmerzpunkt, auf den wir immer wieder sto\u00dfen. Ein halbgebackener Gedanke, den wir in unserem eigenen Geist geh\u00f6rt und umgestaltet haben. Dieser Juckreiz, der fl\u00fcstert, \u201edas k\u00f6nnte etwas sein.\u201c Aber hier ist die Sache: Ideen gibt es \u00fcberall...<\/p>\n<\/div><a href=\"https:\/\/purposefuel.life\/de\/idea-validation-problem-solution-fit-why-your-idea-is-not-the-hero\/\" class=\"more-link\">Lesen Sie mehr<\/a><\/div><\/article><\/div><\/div><\/div><\/div>\n<\/div>\n<\/div>\n<\/div>\n\n<div class=\"et_pb_section_7 et_pb_section et_section_regular et_block_section section_has_divider et_pb_top_divider et_pb_bottom_divider\"><div class=\"et_pb_top_inside_divider\"><\/div>\n<div class=\"et_pb_row_7 et_pb_row et_pb_gutters3 et_block_row\">\n<div class=\"et_pb_column_10 et_pb_column et_pb_column_1_2 et_block_column et_pb_css_mix_blend_mode_passthrough\">\n<div class=\"et_pb_divider_1 et_pb_divider_hidden et_pb_space et_pb_divider_position_top et_pb_module\"><div class=\"et_pb_divider_internal\"><\/div><\/div>\n<\/div>\n\n<div class=\"et_pb_column_11 et_pb_column et_pb_column_1_2 et-last-child et_block_column et_pb_css_mix_blend_mode_passthrough\">\n<div class=\"et_pb_text_6 et_pb_text et_pb_bg_layout_dark et_pb_module\"><div class=\"et_pb_text_inner\"><h2>Der innere Kreis<br \/>\n<\/h2>\n<\/div><\/div>\n\n<div class=\"et_pb_signup_1 et_pb_signup et_pb_newsletter_layout_top_bottom et_pb_newsletter et_pb_subscribe clearfix et_pb_newsletter_description_no_title et_pb_newsletter_description_no_content et_pb_bg_layout_dark et_pb_text_align_left et_pb_module\"><div class=\"et_pb_newsletter_description et_multi_view_hidden\"><\/div><div class=\"et_pb_newsletter_form\"><form method=\"post\" class=\"\" action=\"\"><div class=\"et_pb_newsletter_result et_pb_newsletter_error\"><\/div><div class=\"et_pb_newsletter_result et_pb_newsletter_success\"><h2>Erfolg!<\/h2><\/div><div class=\"et_pb_newsletter_fields\"><p class=\"et_pb_newsletter_field et_pb_contact_field_last et_pb_contact_field_last_tablet et_pb_contact_field_last_phone\"><label class=\"et_pb_contact_form_label\" for=\"et_pb_signup_email\" style=\"display: none;\">E-Mail<\/label><input class=\"input\" id=\"et_pb_signup_email\" type=\"text\" placeholder=\"E-Mail\" name=\"et_pb_signup_email\" \/><\/p><p class=\"et_pb_newsletter_button_wrap\"><a class=\"et_pb_button et_pb_newsletter_button\" href=\"#\" data-icon=\"$\"><span class=\"et_subscribe_loader\"><\/span><span class=\"et_pb_newsletter_button_text\">Bekomme Klarheit in meinem Posteingang<\/span><\/a><\/p><\/div><input type=\"hidden\" name=\"et_pb_signup_provider\" value=\"mailchimp\" \/><input type=\"hidden\" name=\"et_pb_signup_list_id\" value=\"1ea2bbd026\" \/><input type=\"hidden\" name=\"et_pb_signup_account_name\" value=\"elegantthemestest\" \/><input type=\"hidden\" name=\"et_pb_signup_ip_address\" value=\"true\" \/><input type=\"hidden\" name=\"et_pb_signup_checksum\" value=\"d8d51579326cc51ded23960fa7fa4b41\" \/><input type=\"hidden\" name=\"etm-form-language\" value=\"de\"\/><\/form><\/div><\/div>\n\n<div class=\"et_pb_text_7 et_pb_text et_pb_bg_layout_light et_pb_module\"><div class=\"et_pb_text_inner\"><p>Kein Spam. Keine leeren Versprechungen. Nur bedeutungsvolle Signale im Rauschen.<\/p>\n<\/div><\/div>\n<\/div>\n<\/div>\n<div class=\"et_pb_bottom_inside_divider\"><\/div><\/div>","protected":false},"excerpt":{"rendered":"","protected":false},"author":2,"featured_media":6794,"parent":0,"menu_order":0,"comment_status":"closed","ping_status":"closed","template":"","meta":{"footnotes":""},"class_list":["post-6820","page","type-page","status-publish","has-post-thumbnail","hentry"],"_links":{"self":[{"href":"https:\/\/purposefuel.life\/de\/wp-json\/wp\/v2\/pages\/6820","targetHints":{"allow":["GET"]}}],"collection":[{"href":"https:\/\/purposefuel.life\/de\/wp-json\/wp\/v2\/pages"}],"about":[{"href":"https:\/\/purposefuel.life\/de\/wp-json\/wp\/v2\/types\/page"}],"author":[{"embeddable":true,"href":"https:\/\/purposefuel.life\/de\/wp-json\/wp\/v2\/users\/2"}],"replies":[{"embeddable":true,"href":"https:\/\/purposefuel.life\/de\/wp-json\/wp\/v2\/comments?post=6820"}],"version-history":[{"count":6,"href":"https:\/\/purposefuel.life\/de\/wp-json\/wp\/v2\/pages\/6820\/revisions"}],"predecessor-version":[{"id":8908,"href":"https:\/\/purposefuel.life\/de\/wp-json\/wp\/v2\/pages\/6820\/revisions\/8908"}],"wp:featuredmedia":[{"embeddable":true,"href":"https:\/\/purposefuel.life\/de\/wp-json\/wp\/v2\/media\/6794"}],"wp:attachment":[{"href":"https:\/\/purposefuel.life\/de\/wp-json\/wp\/v2\/media?parent=6820"}],"curies":[{"name":"wp","href":"https:\/\/api.w.org\/{rel}","templated":true}]}}