{"id":6843,"date":"2025-04-05T14:12:52","date_gmt":"2025-04-05T14:12:52","guid":{"rendered":"https:\/\/purposefuel.life\/?page_id=6843"},"modified":"2025-07-24T17:42:03","modified_gmt":"2025-07-24T17:42:03","slug":"holistic-health","status":"publish","type":"page","link":"https:\/\/purposefuel.life\/de\/holistic-health\/","title":{"rendered":"Ganzheitliche Gesundheit"},"content":{"rendered":"<div class=\"et_pb_section_4 et_pb_section et_section_regular et_block_section\">\n<div class=\"et_pb_row_4 et_pb_row et_pb_gutters3 et_block_row\">\n<div class=\"et_pb_column_6 et_pb_column et_pb_column_1_2 et_block_column et_pb_css_mix_blend_mode_passthrough\">\n<div class=\"et_pb_text_4 et_pb_text et_pb_bg_layout_light et_pb_module\"><div class=\"et_pb_text_inner\"><h1 data-start=\"393\" data-end=\"449\"><strong data-start=\"637\" data-end=\"686\">Holen Sie sich Ihre Energie zur\u00fcck. Kehre zu deiner Macht zur\u00fcck.<\/strong><\/h1>\n<p data-start=\"1242\" data-end=\"1309\" class=\"\">Gesundheit ist kein Trend. Es ist das Wurzelsystem deines Lebens.<br \/>Wenn du ausgelaugt, verstreut, taub bist, funktioniert nichts.<br \/>Es geht nicht darum, Ihre Morgenroutine zu optimieren oder dem neuesten Biohack zu folgen.<br \/>Es geht darum, einen K\u00f6rper und Geist aufzubauen, die dienen<em> ihre<\/em> Mission.<br \/>Sie werden lernen, sich auf Ihre eigenen Signale einzustellen, sich von toxischen Mustern zu befreien und Ihre Grundlinie wieder aufzubauen. Nicht durch Druck, sondern durch Pr\u00e4senz.<br \/>Hier jagen wir keine Ergebnisse.<br \/>Wir stellen die Ausrichtung wieder her.<\/p>\n<\/div><\/div>\n<\/div>\n\n<div class=\"et_pb_column_7 et_pb_column et_pb_column_1_2 et-last-child et_block_column et_pb_css_mix_blend_mode_passthrough\">\n<div class=\"et_pb_image_1 et_pb_image et_pb_image_sticky et_pb_module\"><span class=\"et_pb_image_wrap\"><img loading=\"lazy\" decoding=\"async\" src=\"https:\/\/purposefuel.life\/wp-content\/uploads\/2025\/04\/sight-seeing-44.png\" width=\"1000\" height=\"1187\" srcset=\"https:\/\/purposefuel.life\/wp-content\/uploads\/2025\/04\/sight-seeing-44.png 1000w, https:\/\/purposefuel.life\/wp-content\/uploads\/2025\/04\/sight-seeing-44-980x1163.png 980w, https:\/\/purposefuel.life\/wp-content\/uploads\/2025\/04\/sight-seeing-44-480x570.png 480w\" sizes=\"(min-width: 0px) and (max-width: 480px) 480px, (min-width: 481px) and (max-width: 980px) 980px, (min-width: 981px) 1000px, 100vw\" class=\"wp-image-6884\" \/><\/span><\/div>\n<\/div>\n<\/div>\n<\/div>\n\n<div class=\"et_pb_section_5 et_pb_section et_section_regular et_block_section\">\n<div class=\"et_pb_row_5 et_pb_row et_pb_gutters3 et_block_row\">\n<div class=\"et_pb_column_8 et_pb_column et_pb_column_4_4 et-last-child et_block_column et_pb_css_mix_blend_mode_passthrough\">\n<div class=\"et_pb_text_5 et_pb_text et_pb_bg_layout_dark et_pb_module\"><div class=\"et_pb_text_inner\"><h2><span class=\"ez-toc-section\" id=\"A-personal-note-from-me\"><\/span>Eine pers\u00f6nliche Anmerkung von mir<span class=\"ez-toc-section-end\"><\/span><\/h2>\n<p><em data-start=\"1352\" data-end=\"1707\">Das habe ich auf die harte Tour gelernt: Sie k\u00f6nnen kein au\u00dfergew\u00f6hnliches Leben auf einem schwachen Fundament aufbauen. <br \/>Gesundheit ist nicht optional. Es ist Sauerstoff f\u00fcr Ihre Ambitionen.<br \/>Was ich hier teile, ist, was mir geholfen hat, wieder aufzustehen:<br \/>\u2192 Rituale, die Energie wiederherstellen<br \/>\u2192 Praktiken, die Ihr System regulieren<br \/>\u2192 und eine neue Art von Disziplin. Eine, die im Zuh\u00f6ren verwurzelt ist<br \/><\/em><em data-start=\"1352\" data-end=\"1707\"><\/em><em data-start=\"1352\" data-end=\"1707\"><\/em><\/p>\n<p><em data-start=\"1352\" data-end=\"1707\">Es geht nicht darum, dass ich Ihnen sage, was Sie tun sollen.<br \/>Es geht darum, dass du dich daran erinnerst, wer du bist, und ein Leben aufbaust, in dem deine Energie nicht nur \u00fcberlebt... sie f\u00fchrt.<\/em><\/p>\n<\/div><\/div>\n<\/div>\n<\/div>\n<\/div>\n\n<div class=\"et_pb_section_6 et_pb_section et_section_regular et_block_section\">\n<div class=\"et_pb_row_6 et_pb_row et_pb_gutters3 et_block_row\">\n<div class=\"et_pb_column_9 et_pb_column et_pb_column_4_4 et-last-child et_block_column et_pb_css_mix_blend_mode_passthrough\">\n<div class=\"et_pb_blog_1 et_pb_blog et_pb_bg_layout_light et_pb_blog_grid_wrapper et_pb_module et_blog_grid_equal_height\"><div class=\"et_pb_blog_grid clearfix\"><div class=\"et_pb_ajax_pagination_container et_pb_posts\"><div class=\"et_pb_salvattore_content\" data-columns=\"\"><article class=\"et_pb_post et_pb_post_id_9075 clearfix et_pb_blog_item_1_0 post-9075 post type-post status-publish format-standard has-post-thumbnail hentry category-clarity-through-energy category-energy-recovery tag-productiv tag-productivity tag-exhausted series-energy-recovery\"><div class=\"et_pb_image_container\"><a href=\"https:\/\/purposefuel.life\/de\/why-you-still-feel-exhausted-even-when-you-are-productive\/\" class=\"entry-featured-image-url\"><img loading=\"lazy\" decoding=\"async\" src=\"https:\/\/purposefuel.life\/wp-content\/uploads\/ke0nc8-58mq.jpg\" width=\"400\" height=\"284\" alt=\"produktiv, produktiv, ersch\u00f6pft\" class=\"\" srcset=\"https:\/\/purposefuel.life\/wp-content\/uploads\/ke0nc8-58mq.jpg 479w, https:\/\/purposefuel.life\/wp-content\/uploads\/ke0nc8-58mq-400x284.jpg 480w\" sizes=\"(max-width:479px) 479px, 100vw\" \/><span data-icon=\"\ue050\" class=\"et_overlay et_pb_inline_icon\"><\/span><\/a><\/div><h2 class=\"entry-title\"><span class=\"ez-toc-section\" id=\"Why-You-Still-Feel-Exhausted-Even-When-You-Are-Productive\"><\/span><a href=\"https:\/\/purposefuel.life\/de\/why-you-still-feel-exhausted-even-when-you-are-productive\/\">Warum Sie sich immer noch ersch\u00f6pft f\u00fchlen (auch wenn Sie produktiv sind)<\/a><span class=\"ez-toc-section-end\"><\/span><\/h2><p class=\"post-meta\"><span class=\"published\">Juli 26, 2025<\/span> | <span class=\"entry-categories\"><a href=\"https:\/\/purposefuel.life\/de\/category\/clarity-through-energy\/\" rel=\"tag\">Klarheit durch Energie<\/a>, <a href=\"https:\/\/purposefuel.life\/de\/category\/clarity-through-energy\/energy-recovery\/\" rel=\"tag\">Energie &amp; Erholung<\/a><\/span> | <span class=\"entry-comments\">0 Kommentare<\/span><\/p><div class=\"post-content\"><div class=\"post-content-inner\"><p>Die Produktivit\u00e4tsl\u00fcge, von der ich glaubte, ich h\u00e4tte ein Produktivit\u00e4tsproblem. Wenn ich meine Zeit besser verwalten, meine Routinen optimieren und meine Gewohnheiten richtig aufbauen k\u00f6nnte, dachte ich, ich w\u00fcrde mich endlich unter Kontrolle f\u00fchlen. Klar. Stabil. Ich habe das alles getan. Und trotzdem f\u00fchlte ich...<\/p>\n<\/div><a href=\"https:\/\/purposefuel.life\/de\/why-you-still-feel-exhausted-even-when-you-are-productive\/\" class=\"more-link\">Lesen Sie mehr<\/a><\/div><\/article><article class=\"et_pb_post et_pb_post_id_9039 clearfix et_pb_blog_item_1_1 post-9039 post type-post status-publish format-standard has-post-thumbnail hentry category-clarity-through-energy category-energy-recovery tag-regulated-nervous-system tag-burnout tag-time tag-time-management series-energy-recovery\"><div class=\"et_pb_image_container\"><a href=\"https:\/\/purposefuel.life\/de\/you-do-not-need-more-time-you-need-a-new-nervous-system\/\" class=\"entry-featured-image-url\"><img loading=\"lazy\" decoding=\"async\" src=\"https:\/\/purposefuel.life\/wp-content\/uploads\/flhdnpo6dlw.jpg\" width=\"400\" height=\"284\" alt=\"Zeit\" class=\"\" srcset=\"https:\/\/purposefuel.life\/wp-content\/uploads\/flhdnpo6dlw.jpg 479w, https:\/\/purposefuel.life\/wp-content\/uploads\/flhdnpo6dlw-400x284.jpg 480w\" sizes=\"(max-width:479px) 479px, 100vw\" \/><span data-icon=\"\ue050\" class=\"et_overlay et_pb_inline_icon\"><\/span><\/a><\/div><h2 class=\"entry-title\"><span class=\"ez-toc-section\" id=\"You-Do-Not-Need-More-Time-You-Need-a-New-Nervous-System\"><\/span><a href=\"https:\/\/purposefuel.life\/de\/you-do-not-need-more-time-you-need-a-new-nervous-system\/\">Sie brauchen nicht mehr Zeit. Sie brauchen ein neues Nervensystem.<\/a><span class=\"ez-toc-section-end\"><\/span><\/h2><p class=\"post-meta\"><span class=\"published\">Juli 22, 2025<\/span> | <span class=\"entry-categories\"><a href=\"https:\/\/purposefuel.life\/de\/category\/clarity-through-energy\/\" rel=\"tag\">Klarheit durch Energie<\/a>, <a href=\"https:\/\/purposefuel.life\/de\/category\/clarity-through-energy\/energy-recovery\/\" rel=\"tag\">Energie &amp; Erholung<\/a><\/span> | <span class=\"entry-comments\">0 Kommentare<\/span><\/p><div class=\"post-content\"><div class=\"post-content-inner\"><p>Sie brauchen nicht mehr Zeit. Sie brauchen ein Nervensystem, das halten kann, was Sie bereits auf Ihren Teller gelegt haben. Denn wenn wir ehrlich sind, war Zeit nie das Problem. Ihre Erwartungen waren es. The Lie Everyone Buys Into Sie k\u00f6nnen Ihren Tag wie eine Maschine planen. Sie k\u00f6nnen...<\/p>\n<\/div><a href=\"https:\/\/purposefuel.life\/de\/you-do-not-need-more-time-you-need-a-new-nervous-system\/\" class=\"more-link\">Lesen Sie mehr<\/a><\/div><\/article><article class=\"et_pb_post et_pb_post_id_8671 clearfix et_pb_blog_item_1_2 post-8671 post type-post status-publish format-standard has-post-thumbnail hentry category-clarity-through-energy category-energy-recovery series-energy-recovery\"><div class=\"et_pb_image_container\"><a href=\"https:\/\/purposefuel.life\/de\/sleep-quality-basics-why-8-hours-isnt-enough\/\" class=\"entry-featured-image-url\"><img loading=\"lazy\" decoding=\"async\" src=\"https:\/\/purposefuel.life\/wp-content\/uploads\/fekxv48fzvm.jpg\" width=\"400\" height=\"284\" alt=\"Schlafqualit\u00e4t\" class=\"\" srcset=\"https:\/\/purposefuel.life\/wp-content\/uploads\/fekxv48fzvm.jpg 479w, https:\/\/purposefuel.life\/wp-content\/uploads\/fekxv48fzvm-400x284.jpg 480w\" sizes=\"(max-width:479px) 479px, 100vw\" \/><span data-icon=\"\ue050\" class=\"et_overlay et_pb_inline_icon\"><\/span><\/a><\/div><h2 class=\"entry-title\"><span class=\"ez-toc-section\" id=\"Sleep-Quality-Basics-Why-%E2%80%9C8-Hours%E2%80%9D-Isnt-Enough\"><\/span><a href=\"https:\/\/purposefuel.life\/de\/sleep-quality-basics-why-8-hours-isnt-enough\/\">Grundlagen der Schlafqualit\u00e4t: Warum \u201e8 Stunden\u201c nicht ausreichen<\/a><span class=\"ez-toc-section-end\"><\/span><\/h2><p class=\"post-meta\"><span class=\"published\">Juli 17, 2025<\/span> | <span class=\"entry-categories\"><a href=\"https:\/\/purposefuel.life\/de\/category\/clarity-through-energy\/\" rel=\"tag\">Klarheit durch Energie<\/a>, <a href=\"https:\/\/purposefuel.life\/de\/category\/clarity-through-energy\/energy-recovery\/\" rel=\"tag\">Energie &amp; Erholung<\/a><\/span> | <span class=\"entry-comments\">0 Kommentare<\/span><\/p><div class=\"post-content\"><div class=\"post-content-inner\"><p>Die L\u00fcge hinter \u201eAcht Stunden Schlaf\u201c Wir alle h\u00f6ren es: Schlafen Sie acht Stunden pro Nacht und Sie k\u00f6nnen loslegen. Aber hier ist die Realit\u00e4t, die die meisten Menschen vermissen: Acht Stunden Schlaf garantieren nicht, dass Sie sich energiegeladen oder scharf f\u00fchlen.Qualit\u00e4t schl\u00e4gt Quantit\u00e4t, wenn es darum geht...<\/p>\n<\/div><a href=\"https:\/\/purposefuel.life\/de\/sleep-quality-basics-why-8-hours-isnt-enough\/\" class=\"more-link\">Lesen Sie mehr<\/a><\/div><\/article><article class=\"et_pb_post et_pb_post_id_8660 clearfix et_pb_blog_item_1_3 post-8660 post type-post status-publish format-standard has-post-thumbnail hentry category-clarity-through-energy category-energy-recovery series-energy-recovery\"><div class=\"et_pb_image_container\"><a href=\"https:\/\/purposefuel.life\/de\/active-recovery-practices-why-doing-nothing-is-the-real-mistake\/\" class=\"entry-featured-image-url\"><img loading=\"lazy\" decoding=\"async\" src=\"https:\/\/purposefuel.life\/wp-content\/uploads\/byfisy0pglc.jpg\" width=\"400\" height=\"284\" alt=\"Wiedereinziehung\" class=\"\" srcset=\"https:\/\/purposefuel.life\/wp-content\/uploads\/byfisy0pglc.jpg 479w, https:\/\/purposefuel.life\/wp-content\/uploads\/byfisy0pglc-400x284.jpg 480w\" sizes=\"(max-width:479px) 479px, 100vw\" \/><span data-icon=\"\ue050\" class=\"et_overlay et_pb_inline_icon\"><\/span><\/a><\/div><h2 class=\"entry-title\"><span class=\"ez-toc-section\" id=\"Active-Recovery-Practices-Why-Doing-Nothing-Is-the-Real-Mistake\"><\/span><a href=\"https:\/\/purposefuel.life\/de\/active-recovery-practices-why-doing-nothing-is-the-real-mistake\/\">Aktive Wiederherstellungspraktiken: Warum nichts zu tun der wahre Fehler ist<\/a><span class=\"ez-toc-section-end\"><\/span><\/h2><p class=\"post-meta\"><span class=\"published\">Juli 15, 2025<\/span> | <span class=\"entry-categories\"><a href=\"https:\/\/purposefuel.life\/de\/category\/clarity-through-energy\/\" rel=\"tag\">Klarheit durch Energie<\/a>, <a href=\"https:\/\/purposefuel.life\/de\/category\/clarity-through-energy\/energy-recovery\/\" rel=\"tag\">Energie &amp; Erholung<\/a><\/span> | <span class=\"entry-comments\">0 Kommentare<\/span><\/p><div class=\"post-content\"><div class=\"post-content-inner\"><p>Als ich lernte, dass Ruhe mich steifer machte Die meisten Leute denken, dass Ruhetage nichts bedeuten Tage. Keine Arbeit, kein Stress, keine Bewegung. Die Standardeinstellung sind Netflix-Marathons, endloses Scrollen, Couch-Napes. Das war mal ich. Bis ich etwas bemerkte: Das n\u00e4chste Workout...<\/p>\n<\/div><a href=\"https:\/\/purposefuel.life\/de\/active-recovery-practices-why-doing-nothing-is-the-real-mistake\/\" class=\"more-link\">Lesen Sie mehr<\/a><\/div><\/article><article class=\"et_pb_post et_pb_post_id_8657 clearfix et_pb_blog_item_1_4 post-8657 post type-post status-publish format-standard has-post-thumbnail hentry category-clarity-through-energy category-energy-recovery series-energy-recovery\"><div class=\"et_pb_image_container\"><a href=\"https:\/\/purposefuel.life\/de\/breath-and-movement-the-fastest-way-to-boost-energy-no-coffee-required\/\" class=\"entry-featured-image-url\"><img loading=\"lazy\" decoding=\"async\" src=\"https:\/\/purposefuel.life\/wp-content\/uploads\/9k9nfkmcue8.jpg\" width=\"400\" height=\"284\" alt=\"Atemzug\" class=\"\" srcset=\"https:\/\/purposefuel.life\/wp-content\/uploads\/9k9nfkmcue8.jpg 479w, https:\/\/purposefuel.life\/wp-content\/uploads\/9k9nfkmcue8-400x284.jpg 480w\" sizes=\"(max-width:479px) 479px, 100vw\" \/><span data-icon=\"\ue050\" class=\"et_overlay et_pb_inline_icon\"><\/span><\/a><\/div><h2 class=\"entry-title\"><span class=\"ez-toc-section\" id=\"Breath-and-Movement-The-Fastest-Way-to-Boost-Energy-No-Coffee-Required\"><\/span><a href=\"https:\/\/purposefuel.life\/de\/breath-and-movement-the-fastest-way-to-boost-energy-no-coffee-required\/\">Atem und Bewegung: Der schnellste Weg, um Energie zu steigern (kein Kaffee erforderlich)<\/a><span class=\"ez-toc-section-end\"><\/span><\/h2><p class=\"post-meta\"><span class=\"published\">Juli 14, 2025<\/span> | <span class=\"entry-categories\"><a href=\"https:\/\/purposefuel.life\/de\/category\/clarity-through-energy\/\" rel=\"tag\">Klarheit durch Energie<\/a>, <a href=\"https:\/\/purposefuel.life\/de\/category\/clarity-through-energy\/energy-recovery\/\" rel=\"tag\">Energie &amp; Erholung<\/a><\/span> | <span class=\"entry-comments\">0 Kommentare<\/span><\/p><div class=\"post-content\"><div class=\"post-content-inner\"><p>Die meisten Menschen atmen falsch.Das klingt dramatisch. Das ist es. Sie denken vielleicht, dass das Atmen automatisch ist. Wie kann es falsch sein? Aber diese Annahme kostet die Menschen mehr Energie, Klarheit und Konzentration, als sie sich vorstellen. Wenn du flach atmest, hoch in deiner Brust, spiegelt es sich...<\/p>\n<\/div><a href=\"https:\/\/purposefuel.life\/de\/breath-and-movement-the-fastest-way-to-boost-energy-no-coffee-required\/\" class=\"more-link\">Lesen Sie mehr<\/a><\/div><\/article><article class=\"et_pb_post et_pb_post_id_8654 clearfix et_pb_blog_item_1_5 post-8654 post type-post status-publish format-standard has-post-thumbnail hentry category-clarity-through-energy category-energy-recovery series-energy-recovery\"><div class=\"et_pb_image_container\"><a href=\"https:\/\/purposefuel.life\/de\/energy-management-vs-time-management-why-scheduling-everything-destroys-your-flow\/\" class=\"entry-featured-image-url\"><img loading=\"lazy\" decoding=\"async\" src=\"https:\/\/purposefuel.life\/wp-content\/uploads\/7e2pe9wjl9m.jpg\" width=\"400\" height=\"284\" alt=\"Energiemanagement\" class=\"\" srcset=\"https:\/\/purposefuel.life\/wp-content\/uploads\/7e2pe9wjl9m.jpg 479w, https:\/\/purposefuel.life\/wp-content\/uploads\/7e2pe9wjl9m-400x284.jpg 480w\" sizes=\"(max-width:479px) 479px, 100vw\" \/><span data-icon=\"\ue050\" class=\"et_overlay et_pb_inline_icon\"><\/span><\/a><\/div><h2 class=\"entry-title\"><span class=\"ez-toc-section\" id=\"Energy-Management-vs-Time-Management-Why-Scheduling-Everything-Destroys-Your-Flow\"><\/span><a href=\"https:\/\/purposefuel.life\/de\/energy-management-vs-time-management-why-scheduling-everything-destroys-your-flow\/\">Energiemanagement vs. Zeitmanagement: Warum das Planen von allem Ihren Fluss zerst\u00f6rt<\/a><span class=\"ez-toc-section-end\"><\/span><\/h2><p class=\"post-meta\"><span class=\"published\">Ver\u00f6ffentlicht am 13. Juli 2025<\/span> | <span class=\"entry-categories\"><a href=\"https:\/\/purposefuel.life\/de\/category\/clarity-through-energy\/\" rel=\"tag\">Klarheit durch Energie<\/a>, <a href=\"https:\/\/purposefuel.life\/de\/category\/clarity-through-energy\/energy-recovery\/\" rel=\"tag\">Energie &amp; Erholung<\/a><\/span> | <span class=\"entry-comments\">0 Kommentare<\/span><\/p><div class=\"post-content\"><div class=\"post-content-inner\"><p>Sie starren jemals auf Ihren Kalender, gepackt von morgens bis abends, und f\u00fchlen sich ausgelaugt, bevor Sie \u00fcberhaupt anfangen? Das war ich. Und ich vermute, vielleicht auch du. Alle reden von Zeitmanagement. Farbcodierte Kalender. Perfekte st\u00fcndliche Pannen. 5 Uhr morgens Routinen. Aber...<\/p>\n<\/div><a href=\"https:\/\/purposefuel.life\/de\/energy-management-vs-time-management-why-scheduling-everything-destroys-your-flow\/\" class=\"more-link\">Lesen Sie mehr<\/a><\/div><\/article><article class=\"et_pb_post et_pb_post_id_8648 clearfix et_pb_blog_item_1_6 post-8648 post type-post status-publish format-standard has-post-thumbnail hentry category-clarity-through-energy category-energy-recovery series-energy-recovery\"><div class=\"et_pb_image_container\"><a href=\"https:\/\/purposefuel.life\/de\/circadian-rhythm-optimization-the-foundation-of-everyday-health\/\" class=\"entry-featured-image-url\"><img loading=\"lazy\" decoding=\"async\" src=\"https:\/\/purposefuel.life\/wp-content\/uploads\/qdrzlawv1bo.jpg\" width=\"400\" height=\"284\" alt=\"Der zirkadiane Rhythmus\" class=\"\" srcset=\"https:\/\/purposefuel.life\/wp-content\/uploads\/qdrzlawv1bo.jpg 479w, https:\/\/purposefuel.life\/wp-content\/uploads\/qdrzlawv1bo-400x284.jpg 480w\" sizes=\"(max-width:479px) 479px, 100vw\" \/><span data-icon=\"\ue050\" class=\"et_overlay et_pb_inline_icon\"><\/span><\/a><\/div><h2 class=\"entry-title\"><span class=\"ez-toc-section\" id=\"Circadian-Rhythm-Optimization-The-Foundation-of-Everyday-Health\"><\/span><a href=\"https:\/\/purposefuel.life\/de\/circadian-rhythm-optimization-the-foundation-of-everyday-health\/\">Circadian Rhythm Optimization (Zirkadiane Rhythmusoptimierung): Die Grundlage der t\u00e4glichen Gesundheit<\/a><span class=\"ez-toc-section-end\"><\/span><\/h2><p class=\"post-meta\"><span class=\"published\">Juli 12, 2025<\/span> | <span class=\"entry-categories\"><a href=\"https:\/\/purposefuel.life\/de\/category\/clarity-through-energy\/\" rel=\"tag\">Klarheit durch Energie<\/a>, <a href=\"https:\/\/purposefuel.life\/de\/category\/clarity-through-energy\/energy-recovery\/\" rel=\"tag\">Energie &amp; Erholung<\/a><\/span> | <span class=\"entry-comments\">0 Kommentare<\/span><\/p><div class=\"post-content\"><div class=\"post-content-inner\"><p>The Clock You've Been Ignoring Everyone spricht \u00fcber Gesundheit: Di\u00e4t, Workouts, Schlaf-Hacks. Aber fast niemand beginnt mit der Uhr Ihres K\u00f6rpers. Hier ist, was ich erkannt habe: Beim Zirkadianen Rhythmus geht es nicht nur um Schlaf. Es programmiert alles aus Ihrer Energie,...<\/p>\n<\/div><a href=\"https:\/\/purposefuel.life\/de\/circadian-rhythm-optimization-the-foundation-of-everyday-health\/\" class=\"more-link\">Lesen Sie mehr<\/a><\/div><\/article><article class=\"et_pb_post et_pb_post_id_8645 clearfix et_pb_blog_item_1_7 post-8645 post type-post status-publish format-standard has-post-thumbnail hentry category-clarity-through-energy\"><div class=\"et_pb_image_container\"><a href=\"https:\/\/purposefuel.life\/de\/holistic-health-is-not-a-supplement-stack-its-how-you-live\/\" class=\"entry-featured-image-url\"><img loading=\"lazy\" decoding=\"async\" src=\"https:\/\/purposefuel.life\/wp-content\/uploads\/stpy-oea3h0.jpg\" width=\"400\" height=\"284\" alt=\"Ganzheitliche Gesundheit\" class=\"\" srcset=\"https:\/\/purposefuel.life\/wp-content\/uploads\/stpy-oea3h0.jpg 479w, https:\/\/purposefuel.life\/wp-content\/uploads\/stpy-oea3h0-400x284.jpg 480w\" sizes=\"(max-width:479px) 479px, 100vw\" \/><span data-icon=\"\ue050\" class=\"et_overlay et_pb_inline_icon\"><\/span><\/a><\/div><h2 class=\"entry-title\"><span class=\"ez-toc-section\" id=\"Holistic-Health-Is-Not-a-Supplement-Stack-Its-How-You-Live\"><\/span><a href=\"https:\/\/purposefuel.life\/de\/holistic-health-is-not-a-supplement-stack-its-how-you-live\/\">Ganzheitliche Gesundheit ist kein Erg\u00e4nzungsstapel. So lebst du<\/a><span class=\"ez-toc-section-end\"><\/span><\/h2><p class=\"post-meta\"><span class=\"published\">11. Juli 2025<\/span> | <span class=\"entry-categories\"><a href=\"https:\/\/purposefuel.life\/de\/category\/clarity-through-energy\/\" rel=\"tag\">Klarheit durch Energie<\/a><\/span> | <span class=\"entry-comments\">0 Kommentare<\/span><\/p><div class=\"post-content\"><div class=\"post-content-inner\"><p>Jeder spricht \u00fcber Gesundheit.Jeder hat sein Eines. Supplements.Workouts.Meal-Pl\u00e4ne.Schlaf-Tracker. Ich sehe es t\u00e4glich. Menschen jagen Optimierung. Aber hier ist die harte Wahrheit, die ich nach Jahren des Versuchs und Irrtums gelernt habe: Ganzheitliche Gesundheit ist keine Erg\u00e4nzung...<\/p>\n<\/div><a href=\"https:\/\/purposefuel.life\/de\/holistic-health-is-not-a-supplement-stack-its-how-you-live\/\" class=\"more-link\">Lesen Sie mehr<\/a><\/div><\/article><\/div><\/div><\/div><\/div>\n<\/div>\n<\/div>\n<\/div>\n\n<div class=\"et_pb_section_7 et_pb_section et_section_regular et_block_section section_has_divider et_pb_top_divider et_pb_bottom_divider\"><div class=\"et_pb_top_inside_divider\"><\/div>\n<div class=\"et_pb_row_7 et_pb_row et_pb_gutters3 et_block_row\">\n<div class=\"et_pb_column_10 et_pb_column et_pb_column_1_2 et_block_column et_pb_css_mix_blend_mode_passthrough\">\n<div class=\"et_pb_divider_1 et_pb_divider_hidden et_pb_space et_pb_divider_position_top et_pb_module\"><div class=\"et_pb_divider_internal\"><\/div><\/div>\n<\/div>\n\n<div class=\"et_pb_column_11 et_pb_column et_pb_column_1_2 et-last-child et_block_column et_pb_css_mix_blend_mode_passthrough\">\n<div class=\"et_pb_text_6 et_pb_text et_pb_bg_layout_dark et_pb_module\"><div class=\"et_pb_text_inner\"><h2>Der innere Kreis<br \/>\n<\/h2>\n<\/div><\/div>\n\n<div class=\"et_pb_signup_1 et_pb_signup et_pb_newsletter_layout_top_bottom et_pb_newsletter et_pb_subscribe clearfix et_pb_newsletter_description_no_title et_pb_newsletter_description_no_content et_pb_bg_layout_dark et_pb_text_align_left et_pb_module\"><div class=\"et_pb_newsletter_description et_multi_view_hidden\"><\/div><div class=\"et_pb_newsletter_form\"><form method=\"post\" class=\"\" action=\"\"><div class=\"et_pb_newsletter_result et_pb_newsletter_error\"><\/div><div class=\"et_pb_newsletter_result et_pb_newsletter_success\"><h2>Erfolg!<\/h2><\/div><div class=\"et_pb_newsletter_fields\"><p class=\"et_pb_newsletter_field et_pb_contact_field_last et_pb_contact_field_last_tablet et_pb_contact_field_last_phone\"><label class=\"et_pb_contact_form_label\" for=\"et_pb_signup_email\" style=\"display: none;\">E-Mail<\/label><input class=\"input\" id=\"et_pb_signup_email\" type=\"text\" placeholder=\"E-Mail\" name=\"et_pb_signup_email\" \/><\/p><p class=\"et_pb_newsletter_button_wrap\"><a class=\"et_pb_button et_pb_newsletter_button\" href=\"#\" data-icon=\"$\"><span class=\"et_subscribe_loader\"><\/span><span class=\"et_pb_newsletter_button_text\">Bekomme Klarheit in meinem Posteingang<\/span><\/a><\/p><\/div><input type=\"hidden\" name=\"et_pb_signup_provider\" value=\"mailchimp\" \/><input type=\"hidden\" name=\"et_pb_signup_list_id\" value=\"1ea2bbd026\" \/><input type=\"hidden\" name=\"et_pb_signup_account_name\" value=\"elegantthemestest\" \/><input type=\"hidden\" name=\"et_pb_signup_ip_address\" value=\"true\" \/><input type=\"hidden\" name=\"et_pb_signup_checksum\" value=\"d8d51579326cc51ded23960fa7fa4b41\" \/><input type=\"hidden\" name=\"etm-form-language\" value=\"de\"\/><\/form><\/div><\/div>\n\n<div class=\"et_pb_text_7 et_pb_text et_pb_bg_layout_light et_pb_module\"><div class=\"et_pb_text_inner\"><p>Kein Spam. Keine leeren Versprechungen. Nur bedeutungsvolle Signale im Rauschen.<\/p>\n<\/div><\/div>\n<\/div>\n<\/div>\n<div class=\"et_pb_bottom_inside_divider\"><\/div><\/div>","protected":false},"excerpt":{"rendered":"","protected":false},"author":2,"featured_media":6792,"parent":0,"menu_order":0,"comment_status":"closed","ping_status":"closed","template":"","meta":{"footnotes":""},"class_list":["post-6843","page","type-page","status-publish","has-post-thumbnail","hentry"],"_links":{"self":[{"href":"https:\/\/purposefuel.life\/de\/wp-json\/wp\/v2\/pages\/6843","targetHints":{"allow":["GET"]}}],"collection":[{"href":"https:\/\/purposefuel.life\/de\/wp-json\/wp\/v2\/pages"}],"about":[{"href":"https:\/\/purposefuel.life\/de\/wp-json\/wp\/v2\/types\/page"}],"author":[{"embeddable":true,"href":"https:\/\/purposefuel.life\/de\/wp-json\/wp\/v2\/users\/2"}],"replies":[{"embeddable":true,"href":"https:\/\/purposefuel.life\/de\/wp-json\/wp\/v2\/comments?post=6843"}],"version-history":[{"count":5,"href":"https:\/\/purposefuel.life\/de\/wp-json\/wp\/v2\/pages\/6843\/revisions"}],"predecessor-version":[{"id":8909,"href":"https:\/\/purposefuel.life\/de\/wp-json\/wp\/v2\/pages\/6843\/revisions\/8909"}],"wp:featuredmedia":[{"embeddable":true,"href":"https:\/\/purposefuel.life\/de\/wp-json\/wp\/v2\/media\/6792"}],"wp:attachment":[{"href":"https:\/\/purposefuel.life\/de\/wp-json\/wp\/v2\/media?parent=6843"}],"curies":[{"name":"wp","href":"https:\/\/api.w.org\/{rel}","templated":true}]}}