{"id":6865,"date":"2025-04-06T16:10:18","date_gmt":"2025-04-06T16:10:18","guid":{"rendered":"https:\/\/purposefuel.life\/?page_id=6865"},"modified":"2025-07-27T09:44:18","modified_gmt":"2025-07-27T09:44:18","slug":"inner-circle","status":"publish","type":"page","link":"https:\/\/purposefuel.life\/de\/inner-circle\/","title":{"rendered":"Innerer Kreis"},"content":{"rendered":"<div class=\"et_pb_section_4 et_pb_section et_section_regular et_block_section\">\n<div class=\"et_pb_row_4 et_pb_row et_pb_gutters3 et_block_row\">\n<div class=\"et_pb_column_7 et_pb_column et_pb_column_1_2 et_block_column et_pb_css_mix_blend_mode_passthrough\">\n<div class=\"et_pb_text_5 et_pb_text et_pb_bg_layout_light et_pb_module\"><div class=\"et_pb_text_inner\"><h1 data-start=\"605\" data-end=\"667\"><strong data-start=\"605\" data-end=\"667\">Das Signal im Rauschen.<br \/>Die Pause, die Ihren Kompass zur\u00fccksetzt.<\/strong><\/h1>\n<blockquote>\n<p>Dies ist kein Newsletter.<br \/>Es ist ein pers\u00f6nlicher Austausch: Rohe Reflexionen, unbequeme Fragen und Klarheit, direkt in Ihren Posteingang gesendet.<br \/>Keine Themen. Keine Formeln. Genau das, was real ist, wenn es gebraucht wird.<br \/>Sie brauchen keine weiteren Ratschl\u00e4ge.<br \/>Sie brauchen bessere Fragen. Ein klarer Spiegel. Und Raum, um Ihre eigene Klarheit St\u00fcck f\u00fcr St\u00fcck von innen nach au\u00dfen wieder aufzubauen.<\/p>\n<\/blockquote>\n<\/div><\/div>\n<\/div>\n\n<div class=\"et_pb_column_8 et_pb_column et_pb_column_1_2 et-last-child et_block_column et_pb_css_mix_blend_mode_passthrough\">\n<div class=\"et_pb_image_2 et_pb_image et_pb_image_sticky et_pb_section_parallax et_pb_module\"><span class=\"et-pb-parallax-wrapper\"><span class=\"et-pb-parallax-background et-pb-parallax-background-module--divi-image-2\" style=\"background-image:url(https:\/\/purposefuel.life\/wp-content\/uploads\/2025\/04\/pexels-ron-lach-8259340-scaled.jpg)\"><\/span><\/span><span class=\"et_pb_image_wrap\"><img loading=\"lazy\" decoding=\"async\" src=\"https:\/\/purposefuel.life\/wp-content\/uploads\/2025\/04\/sight-seeing-44.png\" width=\"1000\" height=\"1187\" srcset=\"https:\/\/purposefuel.life\/wp-content\/uploads\/2025\/04\/sight-seeing-44.png 1000w, https:\/\/purposefuel.life\/wp-content\/uploads\/2025\/04\/sight-seeing-44-980x1163.png 980w, https:\/\/purposefuel.life\/wp-content\/uploads\/2025\/04\/sight-seeing-44-480x570.png 480w\" sizes=\"(min-width: 0px) and (max-width: 480px) 480px, (min-width: 481px) and (max-width: 980px) 980px, (min-width: 981px) 1000px, 100vw\" class=\"wp-image-6884\" \/><\/span><\/div>\n<\/div>\n<\/div>\n<\/div>\n\n<div class=\"et_pb_section_5 et_pb_section et_section_regular et_block_section\">\n<div class=\"et_pb_row_5 et_pb_row et_pb_gutters3 et_block_row\">\n<div class=\"et_pb_column_9 et_pb_column et_pb_column_4_4 et-last-child et_block_column et_pb_css_mix_blend_mode_passthrough\">\n<div class=\"et_pb_text_6 et_pb_text et_pb_bg_layout_dark et_pb_module\"><div class=\"et_pb_text_inner\"><h2><span class=\"ez-toc-section\" id=\"The-world-is-loud-And-mostly-hollow\"><\/span>Die Welt ist laut. Und meistens hohl.<span class=\"ez-toc-section-end\"><\/span><\/h2>\n<p data-start=\"865\" data-end=\"996\" class=\"\"><br data-start=\"883\" data-end=\"886\" \/>Sie werden mit mehr Hacks, mehr Hype, mehr Trends, mehr Hektik getroffen. Alle behaupten, ihr Leben zu reparieren.<\/p>\n<p data-start=\"998\" data-end=\"1016\" class=\"\">Dies ist anders.<\/p>\n<p data-start=\"1018\" data-end=\"1200\" class=\"\">Das ist eine Pause. Ein Spiegel. Ein Raum, um wieder die eigene Stimme zu h\u00f6ren.<\/p>\n<p data-start=\"1202\" data-end=\"1301\" class=\"\">Wenn Sie fertig sind, Shortcuts zu jagen und bereit sind, etwas Reales zu bauen, beginnen Sie hier. Aber fangen Sie an.<\/p>\n<\/div><\/div>\n<\/div>\n<\/div>\n<\/div>\n\n<div class=\"et_pb_section_6 et_pb_section et_section_regular et_block_section\">\n<div class=\"et_pb_row_6 et_pb_row et_pb_gutters3 et_block_row\">\n<div class=\"et_pb_column_10 et_pb_column et_pb_column_1_2 et_block_column et_pb_css_mix_blend_mode_passthrough\">\n<div class=\"et_pb_image_3 et_pb_image et_pb_section_parallax et_pb_module\"><span class=\"et-pb-parallax-wrapper\"><span class=\"et-pb-parallax-background et-pb-parallax-background-module--divi-image-3\" style=\"background-image:url(https:\/\/purposefuel.life\/wp-content\/uploads\/2025\/04\/pexels-anntarazevich-5895866-scaled.jpg)\"><\/span><\/span><span class=\"et_pb_image_wrap\"><img loading=\"lazy\" decoding=\"async\" src=\"https:\/\/purposefuel.life\/wp-content\/uploads\/2025\/04\/sight-seeing-44.png\" title=\"Sehensw\u00fcrdigkeiten-44\" width=\"1000\" height=\"1187\" srcset=\"https:\/\/purposefuel.life\/wp-content\/uploads\/2025\/04\/sight-seeing-44.png 1000w, https:\/\/purposefuel.life\/wp-content\/uploads\/2025\/04\/sight-seeing-44-980x1163.png 980w, https:\/\/purposefuel.life\/wp-content\/uploads\/2025\/04\/sight-seeing-44-480x570.png 480w\" sizes=\"(min-width: 0px) and (max-width: 480px) 480px, (min-width: 481px) and (max-width: 980px) 980px, (min-width: 981px) 1000px, 100vw\" class=\"wp-image-6884\" \/><\/span><\/div>\n<\/div>\n\n<div class=\"et_pb_column_11 et_pb_column et_pb_column_1_2 et-last-child et_block_column et_pb_css_mix_blend_mode_passthrough\">\n<div class=\"et_pb_text_7 et_pb_text et_pb_bg_layout_dark et_pb_module\"><div class=\"et_pb_text_inner\" data-et-multi-view-load-tablet-hidden=\"true\" data-et-multi-view-load-phone-hidden=\"true\"><h2><span class=\"ez-toc-section\" id=\"What-youll-get\"><\/span>Was du bekommst:<span class=\"ez-toc-section-end\"><\/span><\/h2>\n<\/div><\/div>\n\n<div class=\"et_pb_blurb_4 et_pb_blurb et_pb_bg_layout_dark et_pb_text_align_left et_pb_blurb_position_left et_pb_module\"><div class=\"et_pb_blurb_content\"><div class=\"et_pb_main_blurb_image\"><a href=\"#\"><span class=\"et_pb_image_wrap\"><span class=\"et-pb-icon et-waypoint et_pb_animation_off et_pb_animation_off_tablet et_pb_animation_off_phone\">\uf058<\/span><\/span><\/a><\/div><div class=\"et_pb_blurb_container\"><h4 class=\"et_pb_module_header\"><span class=\"ez-toc-section\" id=\"Reflections-that-go-beyond-surface-thinking\"><\/span><a href=\"#\">Reflexionen, die \u00fcber das Oberfl\u00e4chendenken hinausgehen<\/a><span class=\"ez-toc-section-end\"><\/span><\/h4><\/div><\/div><\/div>\n\n<div class=\"et_pb_blurb_5 et_pb_blurb et_pb_bg_layout_dark et_pb_text_align_left et_pb_blurb_position_left et_pb_module\"><div class=\"et_pb_blurb_content\"><div class=\"et_pb_main_blurb_image\"><a href=\"#\"><span class=\"et_pb_image_wrap\"><span class=\"et-pb-icon et-waypoint et_pb_animation_off et_pb_animation_off_tablet et_pb_animation_off_phone\">\uf058<\/span><\/span><\/a><\/div><div class=\"et_pb_blurb_container\"><h4 class=\"et_pb_module_header\"><span class=\"ez-toc-section\" id=\"Challenging-questions-to-rewire-how-you-think\"><\/span><a href=\"#\">Herausfordernde Fragen, um neu zu verdrahten, wie Sie denken<\/a><span class=\"ez-toc-section-end\"><\/span><\/h4><\/div><\/div><\/div>\n\n<div class=\"et_pb_blurb_6 et_pb_blurb et_pb_bg_layout_dark et_pb_text_align_left et_pb_blurb_position_left et_pb_module\"><div class=\"et_pb_blurb_content\"><div class=\"et_pb_main_blurb_image\"><a href=\"#\"><span class=\"et_pb_image_wrap\"><span class=\"et-pb-icon et-waypoint et_pb_animation_off et_pb_animation_off_tablet et_pb_animation_off_phone\">\uf058<\/span><\/span><\/a><\/div><div class=\"et_pb_blurb_container\"><h4 class=\"et_pb_module_header\"><span class=\"ez-toc-section\" id=\"Exercises-that-reconnect-you-with-your-internal-compass\"><\/span><a href=\"#\">\u00dcbungen, die Sie wieder mit Ihrem inneren Kompass verbinden<\/a><span class=\"ez-toc-section-end\"><\/span><\/h4><\/div><\/div><\/div>\n\n<div class=\"et_pb_blurb_7 et_pb_blurb et_pb_bg_layout_dark et_pb_text_align_left et_pb_blurb_position_left et_pb_module\"><div class=\"et_pb_blurb_content\"><div class=\"et_pb_main_blurb_image\"><a href=\"#\"><span class=\"et_pb_image_wrap\"><span class=\"et-pb-icon et-waypoint et_pb_animation_off et_pb_animation_off_tablet et_pb_animation_off_phone\">\uf058<\/span><\/span><\/a><\/div><div class=\"et_pb_blurb_container\"><h4 class=\"et_pb_module_header\"><span class=\"ez-toc-section\" id=\"Space-to-think-Not-to-consume\"><\/span><a href=\"#\">Raum zum Nachdenken. Nicht konsumieren<\/a><span class=\"ez-toc-section-end\"><\/span><\/h4><\/div><\/div><\/div>\n<\/div>\n<\/div>\n<\/div>\n\n<div class=\"et_pb_section_7 et_pb_section et_section_regular et_block_section section_has_divider et_pb_top_divider et_pb_bottom_divider\" id=\"join\"><div class=\"et_pb_top_inside_divider\"><\/div>\n<div class=\"et_pb_row_7 et_pb_row et_pb_gutters3 et_block_row\">\n<div class=\"et_pb_column_12 et_pb_column et_pb_column_1_2 et_block_column et_pb_css_mix_blend_mode_passthrough\">\n<div class=\"et_pb_divider_1 et_pb_divider_hidden et_pb_space et_pb_divider_position_top et_pb_module\"><div class=\"et_pb_divider_internal\"><\/div><\/div>\n<\/div>\n\n<div class=\"et_pb_column_13 et_pb_column et_pb_column_1_2 et-last-child et_block_column et_pb_css_mix_blend_mode_passthrough\">\n<div class=\"et_pb_text_8 et_pb_text et_pb_bg_layout_dark et_pb_module\"><div class=\"et_pb_text_inner\"><h2>Der innere Kreis<\/h2>\n<\/div><\/div>\n\n<div class=\"et_pb_signup_1 et_pb_signup et_pb_newsletter_layout_top_bottom et_pb_newsletter et_pb_subscribe clearfix et_pb_newsletter_description_no_title et_pb_newsletter_description_no_content et_pb_bg_layout_dark et_pb_text_align_left et_pb_module\"><div class=\"et_pb_newsletter_description et_multi_view_hidden\"><\/div><div class=\"et_pb_newsletter_form\"><form method=\"post\" class=\"\" action=\"\"><div class=\"et_pb_newsletter_result et_pb_newsletter_error\"><\/div><div class=\"et_pb_newsletter_result et_pb_newsletter_success\"><h2>Du hast dich erfolgreich f\u00fcr meinen inneren Kreis angemeldet<\/h2><\/div><div class=\"et_pb_newsletter_fields\"><p class=\"et_pb_newsletter_field et_pb_contact_field_last et_pb_contact_field_last_tablet et_pb_contact_field_last_phone\"><label class=\"et_pb_contact_form_label\" for=\"et_pb_signup_firstname\" style=\"display: none;\">Vorname<\/label><input class=\"input\" id=\"et_pb_signup_firstname\" type=\"text\" placeholder=\"Vorname\" name=\"et_pb_signup_firstname\" \/><\/p><p class=\"et_pb_newsletter_field et_pb_contact_field_last et_pb_contact_field_last_tablet et_pb_contact_field_last_phone\"><label class=\"et_pb_contact_form_label\" for=\"et_pb_signup_email\" style=\"display: none;\">E-Mail<\/label><input class=\"input\" id=\"et_pb_signup_email\" type=\"text\" placeholder=\"E-Mail\" name=\"et_pb_signup_email\" \/><\/p><p class=\"et_pb_newsletter_button_wrap\"><a class=\"et_pb_button et_pb_newsletter_button\" href=\"#\" data-icon=\"$\"><span class=\"et_subscribe_loader\"><\/span><span class=\"et_pb_newsletter_button_text\">Bekomme Klarheit in meinem Posteingang<\/span><\/a><\/p><\/div><input type=\"hidden\" name=\"et_pb_signup_provider\" value=\"sendinblue\" \/><input type=\"hidden\" name=\"et_pb_signup_list_id\" value=\"13\" \/><input type=\"hidden\" name=\"et_pb_signup_account_name\" value=\"Purposefuel Life\" \/><input type=\"hidden\" name=\"et_pb_signup_ip_address\" value=\"true\" \/><input type=\"hidden\" name=\"et_pb_signup_checksum\" value=\"8acfac931a5aa15771c83a07eb6caae7\" \/><input type=\"hidden\" name=\"etm-form-language\" value=\"de\"\/><\/form><\/div><\/div>\n\n<div class=\"et_pb_text_9 et_pb_text et_pb_bg_layout_light et_pb_module\"><div class=\"et_pb_text_inner\"><p>Kein Spam. Keine leeren Versprechungen. Nur bedeutungsvolle Signale im Rauschen.<\/p>\n<\/div><\/div>\n<\/div>\n<\/div>\n<div class=\"et_pb_bottom_inside_divider\"><\/div><\/div>","protected":false},"excerpt":{"rendered":"","protected":false},"author":2,"featured_media":6777,"parent":0,"menu_order":0,"comment_status":"closed","ping_status":"closed","template":"","meta":{"footnotes":""},"class_list":["post-6865","page","type-page","status-publish","has-post-thumbnail","hentry"],"_links":{"self":[{"href":"https:\/\/purposefuel.life\/de\/wp-json\/wp\/v2\/pages\/6865","targetHints":{"allow":["GET"]}}],"collection":[{"href":"https:\/\/purposefuel.life\/de\/wp-json\/wp\/v2\/pages"}],"about":[{"href":"https:\/\/purposefuel.life\/de\/wp-json\/wp\/v2\/types\/page"}],"author":[{"embeddable":true,"href":"https:\/\/purposefuel.life\/de\/wp-json\/wp\/v2\/users\/2"}],"replies":[{"embeddable":true,"href":"https:\/\/purposefuel.life\/de\/wp-json\/wp\/v2\/comments?post=6865"}],"version-history":[{"count":10,"href":"https:\/\/purposefuel.life\/de\/wp-json\/wp\/v2\/pages\/6865\/revisions"}],"predecessor-version":[{"id":9029,"href":"https:\/\/purposefuel.life\/de\/wp-json\/wp\/v2\/pages\/6865\/revisions\/9029"}],"wp:featuredmedia":[{"embeddable":true,"href":"https:\/\/purposefuel.life\/de\/wp-json\/wp\/v2\/media\/6777"}],"wp:attachment":[{"href":"https:\/\/purposefuel.life\/de\/wp-json\/wp\/v2\/media?parent=6865"}],"curies":[{"name":"wp","href":"https:\/\/api.w.org\/{rel}","templated":true}]}}