{"id":7923,"date":"2025-04-12T17:53:38","date_gmt":"2025-04-12T17:53:38","guid":{"rendered":"https:\/\/purposefuel.life\/cookie-policy-eu\/"},"modified":"2025-04-21T16:17:49","modified_gmt":"2025-04-21T16:17:49","slug":"cookie-policy","status":"publish","type":"page","link":"https:\/\/purposefuel.life\/de\/cookie-policy\/","title":{"rendered":"Cookie-Richtlinie"},"content":{"rendered":"<!-- Legal document generated by Complianz | GDPR\/CCPA Cookie Consent https:\/\/wordpress.org\/plugins\/complianz-gdpr -->\n<div id=\"cmplz-document\" class=\"cmplz-document cookie-statement cmplz-document-eu\"><p><i>Diese Cookie-Richtlinie wurde zuletzt am 21. April 2025 aktualisiert und vergoldet f\u00fcr B\u00fcrger und Einwohner mit st\u00e4ndigem Wohnsitz im Europ\u00e4ischen Wirtschaftsraum und der Schweiz.<\/i><br><\/p><h2><span class=\"ez-toc-section\" id=\"1-Einfuehrung\"><\/span>1. Einf\u00fchrung<span class=\"ez-toc-section-end\"><\/span><\/h2><p>Unsere Website, <a href=\"https:\/\/purposefuel.life\/de\">https:\/\/purposefuel.life\/de<\/a> (im Folgenden: \u201eDie Website\u201c) verwendet Cookies und \u00e4hnliche Technologien (der Einfachheit halber werden all diese unter \u201eCookies\u201c zusammengefasst). Cookies werden au\u00dferdem von uns beauftragten Drittparteien platziert. In dem unten stehenden Dokument informieren wir dich \u00fcber die Verwendung von Cookies auf unserer Website.<\/p><h2><span class=\"ez-toc-section\" id=\"2-Was-sind-Cookies\"><\/span>2. Was sind Cookies?<span class=\"ez-toc-section-end\"><\/span><\/h2><p>Ein Cookie ist eine einfache kleine Datei, die gemeinsam mit den Seiten einer Internetadresse versendet und vom Webbrowser auf dem PC oder einem anderen Ger\u00e4t gespeichert werden kann. Die darin gespeicherten Informationen k\u00f6nnen w\u00e4hrend folgender Besuche zu unseren oder den Servern relevanter Drittanbieter gesendet werden.<\/p><h2><span class=\"ez-toc-section\" id=\"3-Was-sind-Skripte\"><\/span>3. Was sind Skripte?<span class=\"ez-toc-section-end\"><\/span><\/h2><p>Ein Script ist ein St\u00fcck Programmcode, das benutzt wird, um unserer Website Funktionalit\u00e4t und Interaktivit\u00e4t zu erm\u00f6glichen. Dieser Code wird auf unseren Servern oder auf deinem Ger\u00e4t ausgef\u00fchrt.<\/p><h2><span class=\"ez-toc-section\" id=\"4-Was-ist-ein-Web-Beacon\"><\/span>4. Was ist ein Web Beacon?<span class=\"ez-toc-section-end\"><\/span><\/h2><p>Ein Web-Beacon (auch Pixel-Tag genannt), ist ein kleines unsichtbares Textfragment oder Bild auf einer Website, das benutzt wird, um den Verkehr auf der Website zu \u00fcberwachen. Um dies zu erm\u00f6glichen werden diverse Daten von dir mittels Web-Beacons gespeichert.<\/p><h2><span class=\"ez-toc-section\" id=\"5-Cookies\"><\/span>5. Cookies<span class=\"ez-toc-section-end\"><\/span><\/h2><p class=\"cmplz-subtitle\">5.1 Technische oder funktionelle Cookies<\/p><p>Einige Cookies stellen sicher, dass bestimmte Teile der Website ordnungsgem\u00e4\u00df funktionieren und deine Benutzereinstellungen weiterhin in Erinnerung bleiben. Durch das Setzen funktionaler Cookies erleichtern wir dir den Besuch unserer Website. Auf diese Weise musst du beim Besuch unserer Website nicht wiederholt dieselben Informationen eingeben, so bleiben Artikel z.B. in deinem Warenkorb, bis du bezahlst. Wir k\u00f6nnen diese Cookies ohne deine Einwilligung platzieren.<\/p><p class=\"cmplz-subtitle\">5.2 Analytische Cookies<\/p><p>Wir verwenden analytische Cookies, um das Website-Erlebnis f\u00fcr unsere Nutzer zu optimieren. Mit diesen analytischen Cookies erhalten wir Einblicke in die Nutzung unserer Website. Wir bitten um deine Erlaubnis, analytische Cookies zu setzen.<\/p><p class=\"cmplz-subtitle\">5.3 Marketing- \/ Tracking-Cookies<\/p><p>Marketing- \/ Tracking-Cookies sind Cookies oder eine andere Form der lokalen Speicherung, die zur Erstellung von Benutzerprofilen verwendet werden, um Werbung anzuzeigen oder den Benutzer auf dieser Website oder \u00fcber mehrere Websites hinweg f\u00fcr \u00e4hnliche Marketingzwecke zu verfolgen.<\/p><h2><span class=\"ez-toc-section\" id=\"6-Platzierte-Cookies\"><\/span>6. Platzierte Cookies<span class=\"ez-toc-section-end\"><\/span><\/h2><div id=\"cmplz-cookies-overview\"><\/div><h2><span class=\"ez-toc-section\" id=\"7-Einwilligung\"><\/span>7. Einwilligung<span class=\"ez-toc-section-end\"><\/span><\/h2><p>Wenn du unsere Website das erste Mal besuchst, zeigen wir dir ein Pop-Up mit einer Erkl\u00e4rung \u00fcber Cookies. Sobald du auf \u201eAccept\u201c klickst, gibst du uns deine Einwilligung, alle in diesem Pop-Up und in der Cookie-Richtlinie beschriebenen Cookies und Plugins zu verwenden. Du kannst die Verwendung von Cookies \u00fcber deinen Browser deaktivieren, aber bitte beachte, dass unsere Website dann unter Umst\u00e4nden nicht richtig funktioniert.<\/p><p class=\"cmplz-subtitle\">7.1 Verwalte deine Einwilligungseinstellungen<\/p><div id=\"cmplz-manage-consent-container-nojavascript\">Du hast die Cookie-Richtlinie ohne Javascript-Unterst\u00fctzung geladen.\u00a0Unter AMP kannst du den Button zum Zustimmen der Einwilligung unten auf der Seite verwenden.<\/div><div id=\"cmplz-manage-consent-container\" name=\"cmplz-manage-consent-container\" class=\"cmplz-manage-consent-container\"><\/div><h2><span class=\"ez-toc-section\" id=\"8-AktivierungDeaktivierung-und-Loeschen-von-Cookies\"><\/span>8. Aktivierung\/Deaktivierung und L\u00f6schen von Cookies<span class=\"ez-toc-section-end\"><\/span><\/h2><p>Du kannst deinen Internetbrowser verwenden, um automatisch oder manuell Cookies zu l\u00f6schen. Du kannst au\u00dferdem spezifizieren, ob spezielle Cookies nicht platziert werden sollen. Eine andere M\u00f6glichkeit ist es, deinen Internetbrowser derart einzurichten, dass du jedes Mal benachrichtigt wirst, wenn ein Cookie platziert wird. F\u00fcr weitere Informationen \u00fcber diese M\u00f6glichkeiten beachte die Anweisungen in der Hilfesektion deines Browsers.<\/p><p>Bitte nimm zur Kenntnis, dass unsere Website m\u00f6glicherweise nicht richtig funktioniert, wenn alle Cookies deaktiviert sind. Wenn du die Cookies in deinem Browser l\u00f6schst, werden diese neu platziert, wenn du unsere Website erneut besuchst.<\/p><h2><span class=\"ez-toc-section\" id=\"9-Deine-Rechte-in-Bezug-auf-personenbezogene-Daten\"><\/span>9. Deine Rechte in Bezug auf personenbezogene Daten<span class=\"ez-toc-section-end\"><\/span><\/h2><p>Du hast folgende Rechte in Bezug auf deine personenbezogenen Daten:<\/p><ul>\n                    <li>Du hast das Recht zu erfahren, warum deine personenbezogenen Daten ben\u00f6tigt werden, was damit passiert und wie lange sie aufbewahrt werden.<\/li>\n                    <li>Auskunftsrecht: Du hast das Recht deine uns bekannten pers\u00f6nlichen Daten einzusehen.\n\t<\/li>\n                    <li>Recht auf Berichtigung: Du hast das Recht wann immer du w\u00fcnscht, deine personenbezogenen Daten zu erg\u00e4nzen, zu korrigieren sowie gel\u00f6scht oder blockiert zu bekommen.<\/li>\n                    <li>Wenn du uns deine Einwilligung zur Verarbeitung deiner Daten erteilst, hast du das Recht diese Einwilligung zu widerrufen und deine personenbezogenen Daten l\u00f6schen zu lassen.<\/li>\n                    <li>Recht auf Daten\u00fcbertragbarkeit: Du hast das Recht, alle deine personenbezogenen Daten von dem f\u00fcr die Verarbeitung Verantwortlichen anzufordern und sie vollst\u00e4ndig an einen anderen f\u00fcr die Verarbeitung Verantwortlichen zu \u00fcbermitteln.<\/li>\n                    <li>Widerspruchsrecht: Du kannst der Verarbeitung deiner Daten widersprechen. Wir entsprechen dem, es sei denn, es gibt berechtigte Gr\u00fcnde f\u00fcr die Verarbeitung.<\/li>\n                <\/ul><p>Um diese Rechte auszu\u00fcben, kontaktiere uns bitte. Bitte beziehe dich auf die Kontaktdaten am Ende dieser Cookie-Erkl\u00e4rung. Wenn du eine Beschwerde dar\u00fcber hast, wie wir deine Daten behandeln, w\u00fcrden wir diese gerne h\u00f6ren, aber du hast auch das Recht, diese an die Aufsichtsbeh\u00f6rde (Datenschutzbeh\u00f6rde) zu richten.<\/p><h2><span class=\"ez-toc-section\" id=\"10-Kontaktdaten\"><\/span>10. Kontaktdaten<span class=\"ez-toc-section-end\"><\/span><\/h2><p>F\u00fcr Fragen und\/oder Kommentare \u00fcber unsere Cookie-Richtlinien und diese Erkl\u00e4rung kontaktiere uns bitte mittels der folgenden Kontaktdaten:<\/p><p><span class=\"cmplz-contact-organisation\">Can Dillioglu<\/span><br>\n                      <span class=\"cmplz-contact-address\">  <\/span><br>\n                      <span class=\"cmplz-contact-country\">Deutschland<\/span><br>\n                    Website: <span class=\"cmplz-contact-domain\"><a href=\"https:\/\/purposefuel.life\/de\">https:\/\/purposefuel.life\/de<\/a><\/span><br>\n                    E-Mail: <span class=\"cmplz-contact-email\"><span class=\"cmplz-obfuscate\">can@<span class=\"cmplz-fmail-domain\">&#101;x.&#099;&#111;&#109;<\/span>&#112;&#117;&#114;&#112;os&#101;&#102;uel&#046;l&#105;f&#101;<\/span><\/span><br>\n                    <span class=\"cmplz-contact-telephone\"><\/span><\/p><p>Diese Cookie-Richtlinie wurde mit <a href=\"https:\/\/cookiedatabase.org\/\" target=\"_blank\" rel=\"noopener\">cookiedatabase.org<\/a> am Mai 18, 2025 synchronisiert.<\/p><\/div>","protected":false},"excerpt":{"rendered":"","protected":false},"author":2,"featured_media":0,"parent":0,"menu_order":0,"comment_status":"closed","ping_status":"closed","template":"","meta":{"footnotes":""},"class_list":["post-7923","page","type-page","status-publish","hentry"],"_links":{"self":[{"href":"https:\/\/purposefuel.life\/de\/wp-json\/wp\/v2\/pages\/7923","targetHints":{"allow":["GET"]}}],"collection":[{"href":"https:\/\/purposefuel.life\/de\/wp-json\/wp\/v2\/pages"}],"about":[{"href":"https:\/\/purposefuel.life\/de\/wp-json\/wp\/v2\/types\/page"}],"author":[{"embeddable":true,"href":"https:\/\/purposefuel.life\/de\/wp-json\/wp\/v2\/users\/2"}],"replies":[{"embeddable":true,"href":"https:\/\/purposefuel.life\/de\/wp-json\/wp\/v2\/comments?post=7923"}],"version-history":[{"count":5,"href":"https:\/\/purposefuel.life\/de\/wp-json\/wp\/v2\/pages\/7923\/revisions"}],"predecessor-version":[{"id":8166,"href":"https:\/\/purposefuel.life\/de\/wp-json\/wp\/v2\/pages\/7923\/revisions\/8166"}],"wp:attachment":[{"href":"https:\/\/purposefuel.life\/de\/wp-json\/wp\/v2\/media?parent=7923"}],"curies":[{"name":"wp","href":"https:\/\/api.w.org\/{rel}","templated":true}]}}