{"id":8743,"date":"2025-07-23T12:24:11","date_gmt":"2025-07-23T12:24:11","guid":{"rendered":"https:\/\/purposefuel.life\/?page_id=8743"},"modified":"2025-09-19T01:57:41","modified_gmt":"2025-09-19T01:57:41","slug":"8743-2","status":"publish","type":"page","link":"https:\/\/purposefuel.life\/de\/8743-2\/","title":{"rendered":"Projekte"},"content":{"rendered":"<div class=\"et_pb_section_3 et_pb_section et_section_regular et_block_section\">\n<div class=\"et_pb_row_5 et_pb_row et_pb_gutters3 et_block_row\">\n<div class=\"et_pb_column_9 et_pb_column et_pb_column_1_2 et_block_column et_pb_css_mix_blend_mode_passthrough\">\n<div class=\"et_pb_text_4 et_pb_text et_pb_bg_layout_light et_pb_module\"><div class=\"et_pb_text_inner\"><p>Was ich baue<\/p>\n<\/div><\/div>\n\n<div class=\"et_pb_text_5 et_pb_text et_pb_bg_layout_light et_pb_module\"><div class=\"et_pb_text_inner\"><h1 class=\"et_pb_module_header\">Meine Mission<\/h1>\n<blockquote data-start=\"618\" data-end=\"833\">\n<p data-start=\"620\" data-end=\"833\">Alle meine Projekte sind darauf ausgerichtet, Probleme zu l\u00f6sen. Von geistiger Klarheit \u00fcber Gesundheit bis hin zu finanzieller Freiheit. <br \/>Meine Mission ist es nicht nur, Unternehmen aufzubauen. <br \/>Es geht darum, Systeme zu entwerfen, die das Leben einfacher und besser machen.<\/p>\n<\/blockquote>\n<\/div><\/div>\n<\/div>\n\n<div class=\"et_pb_column_10 et_pb_column et_pb_column_1_2 et-last-child et_block_column et_pb_css_mix_blend_mode_passthrough\">\n<div class=\"et_pb_image_3 et_pb_image et_pb_image_sticky et_pb_module\"><span class=\"et_pb_image_wrap\"><img loading=\"lazy\" decoding=\"async\" src=\"https:\/\/purposefuel.life\/wp-content\/uploads\/2025\/04\/sight-seeing-44.png\" width=\"1000\" height=\"1187\" srcset=\"https:\/\/purposefuel.life\/wp-content\/uploads\/2025\/04\/sight-seeing-44.png 1000w, https:\/\/purposefuel.life\/wp-content\/uploads\/2025\/04\/sight-seeing-44-980x1163.png 980w, https:\/\/purposefuel.life\/wp-content\/uploads\/2025\/04\/sight-seeing-44-480x570.png 480w\" sizes=\"(min-width: 0px) and (max-width: 480px) 480px, (min-width: 481px) and (max-width: 980px) 980px, (min-width: 981px) 1000px, 100vw\" class=\"wp-image-6884\" \/><\/span><\/div>\n<\/div>\n<\/div>\n<\/div>\n\n<div class=\"et_pb_section_4 et_pb_section et_section_regular et_block_section\" id=\"core-themes\">\n<div class=\"et_pb_row_6 et_pb_row et_pb_gutters3 et_block_row\">\n<div class=\"et_pb_column_11 et_pb_column et_pb_column_4_4 et-last-child et_block_column et_pb_css_mix_blend_mode_passthrough\">\n<div class=\"et_pb_text_6 et_pb_text et_pb_bg_layout_light et_pb_module\"><div class=\"et_pb_text_inner\"><h2><span class=\"ez-toc-section\" id=\"Explore-My-Projects\"><\/span>Meine Projekte entdecken<span class=\"ez-toc-section-end\"><\/span><\/h2>\n<\/div><\/div>\n\n<div class=\"et_pb_divider_2 et_pb_divider et_pb_space et_pb_divider_position_top et_pb_module\"><div class=\"et_pb_divider_internal\"><\/div><\/div>\n<\/div>\n<\/div>\n\n<div class=\"et_pb_row_7 et_pb_row et_pb_gutters3 et_block_row two-two-mobile\">\n<div class=\"et_pb_column_12 et_pb_column et_pb_column_1_2 et_block_column et_pb_css_mix_blend_mode_passthrough\">\n<div class=\"et_pb_image_4 et_pb_image et_pb_module\"><a href=\"https:\/\/projectu.purposefuel.life\/\" target=\"_blank\"><span class=\"et_pb_image_wrap\"><img decoding=\"async\" src=\"http:\/\/purposefuel.life\/wp-content\/uploads\/ProjectU-Logo-1.png\" class=\"wp-image-6795\" title=\"Gro\u00dfe Schlucht-4273791_1280\" \/><\/span><\/a><\/div>\n\n<div class=\"et_pb_module et_pb_button_module_wrapper et_pb_button_2_wrapper\"><a class=\"et_pb_button_2 et_pb_button et_pb_bg_layout_light\" href=\"https:\/\/projectu.purposefuel.life\/\" target=\"_blank\" data-icon=\"$\" data-icon-tablet=\"\" data-icon-phone=\"\" rel=\"\">Mehr<\/a><\/div>\n<\/div>\n\n<div class=\"et_pb_column_13 et_pb_column et_pb_column_1_2 et-last-child et_flex_column et_pb_css_mix_blend_mode_passthrough\">\n<div class=\"et_pb_blurb_2 et_pb_blurb et_pb_bg_layout_light et_pb_text_align_left et_pb_blurb_position_top et_pb_module two-two-body\"><div class=\"et_pb_blurb_content\"><div class=\"et_pb_blurb_container\"><div class=\"et_pb_blurb_description\"><p data-start=\"361\" data-end=\"420\">Wir haben angefangen, weil wir dachten:<\/p>\n<blockquote>\n<p data-start=\"361\" data-end=\"420\"><strong data-start=\"394\" data-end=\"418\">\u201eF*ck it, let's go!\u201c<\/strong><\/p>\n<\/blockquote>\n<p data-start=\"422\" data-end=\"552\">Uni-Leben ist nicht als Stress, Noten und Fristen gedacht.<br data-start=\"479\" data-end=\"482\" \/>Es soll Abenteuer, Wachstum, Verbindung (und ein bisschen Chaos) sein.<\/p>\n<p data-start=\"554\" data-end=\"648\">Niemand lehrt dich, dich selbst zu f\u00fchren.<br data-start=\"594\" data-end=\"597\" \/>So bauten wir die <em>geheim<\/em>: <strong data-start=\"621\" data-end=\"646\">Du entwirfst die Regeln.<\/strong><\/p>\n<p data-start=\"650\" data-end=\"700\"><strong>ProjectU ist der Raum, von dem wir uns alle gew\u00fcnscht haben, dass er existiert:<\/strong><\/p>\n<blockquote>\n<p data-start=\"702\" data-end=\"860\">\u2192 Ein Ort zum Lachen, Scheitern, Wachsen und sich tats\u00e4chlich lebendig f\u00fchlen<br data-start=\"757\" data-end=\"760\" \/>\u2192 Eine Crew, die von Verbundenheit und Mut lebt<br data-start=\"807\" data-end=\"810\" \/>\u2192 Ein Launchpad f\u00fcr mutige Moves und radikale Klarheit<\/p>\n<\/blockquote>\n<p data-start=\"862\" data-end=\"998\">Es geht nicht um Selbsthilfe. Es geht um echtes Reden, echte Schritte, echte Menschen.<br data-start=\"936\" data-end=\"939\" \/><strong>Keine Masken. Kein Bl\u00f6dsinn. Nur mutige Schritte nach vorne. Gemeinsam.<\/strong><\/p>\n<p>&nbsp;<\/p>\n<\/div><\/div><\/div><\/div>\n<\/div>\n<\/div>\n\n<div class=\"et_pb_row_8 et_pb_row et_pb_gutters3 et_block_row two-two-mobile\">\n<div class=\"et_pb_column_14 et_pb_column et_pb_column_1_2 et_block_column et_pb_css_mix_blend_mode_passthrough\">\n<div class=\"et_pb_image_5 et_pb_image et_pb_module\"><span class=\"et_pb_image_wrap\"><img loading=\"lazy\" decoding=\"async\" src=\"http:\/\/purposefuel.life\/wp-content\/uploads\/Screenshot-2025-09-15-at-15.19.50.png\" width=\"1402\" height=\"1114\" srcset=\"http:\/\/purposefuel.life\/wp-content\/uploads\/Screenshot-2025-09-15-at-15.19.50.png 1402w, http:\/\/purposefuel.life\/wp-content\/uploads\/Screenshot-2025-09-15-at-15.19.50-1280x1017.png 1280w, http:\/\/purposefuel.life\/wp-content\/uploads\/Screenshot-2025-09-15-at-15.19.50-980x779.png 980w, http:\/\/purposefuel.life\/wp-content\/uploads\/Screenshot-2025-09-15-at-15.19.50-480x381.png 480w\" sizes=\"(min-width: 0px) and (max-width: 480px) 480px, (min-width: 481px) and (max-width: 980px) 980px, (min-width: 981px) and (max-width: 1280px) 1280px, (min-width: 1281px) 1402px, 100vw\" class=\"wp-image-9093\" title=\"Gro\u00dfe Schlucht-4273791_1280\" \/><\/span><\/div>\n\n<div class=\"et_pb_module et_pb_button_module_wrapper et_pb_button_3_wrapper\"><a class=\"et_pb_button_3 et_pb_button et_pb_bg_layout_light\" href=\"https:\/\/arcboard.purposefuel.life\/\" target=\"_blank\" data-icon=\"$\" data-icon-tablet=\"\" data-icon-phone=\"\" rel=\"\">Mehr<\/a><\/div>\n<\/div>\n\n<div class=\"et_pb_column_15 et_pb_column et_pb_column_1_2 et-last-child et_flex_column et_pb_css_mix_blend_mode_passthrough\">\n<div class=\"et_pb_blurb_3 et_pb_blurb et_pb_bg_layout_light et_pb_text_align_left et_pb_blurb_position_top et_pb_module two-two-body\"><div class=\"et_pb_blurb_content\"><div class=\"et_pb_blurb_container\"><div class=\"et_pb_blurb_description\"><p data-start=\"263\" data-end=\"365\">Gro\u00dfe Tr\u00e4ume f\u00fchlen sich riesig und schwer an<br data-start=\"285\" data-end=\"288\" \/>Pl\u00e4ne stecken fest. \u00dcberplanung ist vorprogrammiert.<br data-start=\"304\" data-end=\"307\" \/>Das Leben beginnt sich wie eine Checkliste statt wie eine Geschichte zu f\u00fchlen.<\/p>\n<blockquote>\n<p data-start=\"367\" data-end=\"399\"><strong data-start=\"367\" data-end=\"397\">Arcboard dreht das Skript um.<\/strong><\/p>\n<\/blockquote>\n<p data-start=\"401\" data-end=\"512\">Ihre Ziele werden zu Quests.<br data-start=\"426\" data-end=\"429\" \/>Ihr Fortschritt wird zu XP.<br data-start=\"454\" data-end=\"457\" \/>Dein Leben wird zu dem Spiel, das du wirklich spielen willst.<\/p>\n<p data-start=\"514\" data-end=\"639\">Keine Schuld. Keine Streak-Schande. Nein, \u201ealles perfekt machen\u201c.<br data-start=\"566\" data-end=\"569\" \/>Nur stetige Siege, unbeschwertes Wachstum und die Freiheit, es erneut zu versuchen.<\/p>\n<p data-start=\"641\" data-end=\"714\">Verbessere deinen Archetyp.<br data-start=\"665\" data-end=\"668\" \/>Schreibe deinen eigenen Bogen.<br data-start=\"687\" data-end=\"690\" \/>Dein Bogen. Ein Board.<\/p>\n<p>&nbsp;<\/p>\n<\/div><\/div><\/div><\/div>\n<\/div>\n<\/div>\n<\/div>\n\n<div class=\"et_pb_section_5 et_pb_section et_section_regular et_block_section section_has_divider et_pb_top_divider et_pb_bottom_divider\"><div class=\"et_pb_top_inside_divider\"><\/div>\n<div class=\"et_pb_row_9 et_pb_row et_pb_gutters3 et_block_row\">\n<div class=\"et_pb_column_16 et_pb_column et_pb_column_1_2 et_block_column et_pb_css_mix_blend_mode_passthrough\">\n<div class=\"et_pb_divider_3 et_pb_divider_hidden et_pb_space et_pb_divider_position_top et_pb_module\"><div class=\"et_pb_divider_internal\"><\/div><\/div>\n<\/div>\n\n<div class=\"et_pb_column_17 et_pb_column et_pb_column_1_2 et-last-child et_block_column et_pb_css_mix_blend_mode_passthrough\">\n<div class=\"et_pb_text_7 et_pb_text et_pb_bg_layout_dark et_pb_module\"><div class=\"et_pb_text_inner\"><h2>Der innere Kreis<br \/>\n<\/h2>\n<\/div><\/div>\n\n<div class=\"et_pb_signup_1 et_pb_signup et_pb_newsletter_layout_top_bottom et_pb_newsletter et_pb_subscribe clearfix et_pb_newsletter_description_no_title et_pb_newsletter_description_no_content et_pb_bg_layout_dark et_pb_text_align_left et_pb_module\"><div class=\"et_pb_newsletter_description et_multi_view_hidden\"><\/div><div class=\"et_pb_newsletter_form\"><form method=\"post\" class=\"\" action=\"\"><div class=\"et_pb_newsletter_result et_pb_newsletter_error\"><\/div><div class=\"et_pb_newsletter_result et_pb_newsletter_success\"><h2>Du hast dich erfolgreich f\u00fcr meinen inneren Kreis angemeldet<\/h2><\/div><div class=\"et_pb_newsletter_fields\"><p class=\"et_pb_newsletter_field et_pb_contact_field_last et_pb_contact_field_last_tablet et_pb_contact_field_last_phone\"><label class=\"et_pb_contact_form_label\" for=\"et_pb_signup_firstname\" style=\"display: none;\">Vorname<\/label><input class=\"input\" id=\"et_pb_signup_firstname\" type=\"text\" placeholder=\"Vorname\" name=\"et_pb_signup_firstname\" \/><\/p><p class=\"et_pb_newsletter_field et_pb_contact_field_last et_pb_contact_field_last_tablet et_pb_contact_field_last_phone\"><label class=\"et_pb_contact_form_label\" for=\"et_pb_signup_email\" style=\"display: none;\">E-Mail<\/label><input class=\"input\" id=\"et_pb_signup_email\" type=\"text\" placeholder=\"E-Mail\" name=\"et_pb_signup_email\" \/><\/p><p class=\"et_pb_newsletter_button_wrap\"><a class=\"et_pb_button et_pb_newsletter_button\" href=\"#\" data-icon=\"$\"><span class=\"et_subscribe_loader\"><\/span><span class=\"et_pb_newsletter_button_text\">Abonnieren<\/span><\/a><\/p><\/div><input type=\"hidden\" name=\"et_pb_signup_provider\" value=\"sendinblue\" \/><input type=\"hidden\" name=\"et_pb_signup_list_id\" value=\"13\" \/><input type=\"hidden\" name=\"et_pb_signup_account_name\" value=\"Purposefuel Life\" \/><input type=\"hidden\" name=\"et_pb_signup_ip_address\" value=\"true\" \/><input type=\"hidden\" name=\"et_pb_signup_checksum\" value=\"cc2951f05a2f94afb15dbfc21802f31e\" \/><input type=\"hidden\" name=\"etm-form-language\" value=\"de\"\/><\/form><\/div><\/div>\n<\/div>\n<\/div>\n<div class=\"et_pb_bottom_inside_divider\"><\/div><\/div>","protected":false},"excerpt":{"rendered":"","protected":false},"author":2,"featured_media":0,"parent":0,"menu_order":0,"comment_status":"closed","ping_status":"closed","template":"","meta":{"footnotes":""},"class_list":["post-8743","page","type-page","status-publish","hentry"],"_links":{"self":[{"href":"https:\/\/purposefuel.life\/de\/wp-json\/wp\/v2\/pages\/8743","targetHints":{"allow":["GET"]}}],"collection":[{"href":"https:\/\/purposefuel.life\/de\/wp-json\/wp\/v2\/pages"}],"about":[{"href":"https:\/\/purposefuel.life\/de\/wp-json\/wp\/v2\/types\/page"}],"author":[{"embeddable":true,"href":"https:\/\/purposefuel.life\/de\/wp-json\/wp\/v2\/users\/2"}],"replies":[{"embeddable":true,"href":"https:\/\/purposefuel.life\/de\/wp-json\/wp\/v2\/comments?post=8743"}],"version-history":[{"count":13,"href":"https:\/\/purposefuel.life\/de\/wp-json\/wp\/v2\/pages\/8743\/revisions"}],"predecessor-version":[{"id":9095,"href":"https:\/\/purposefuel.life\/de\/wp-json\/wp\/v2\/pages\/8743\/revisions\/9095"}],"wp:attachment":[{"href":"https:\/\/purposefuel.life\/de\/wp-json\/wp\/v2\/media?parent=8743"}],"curies":[{"name":"wp","href":"https:\/\/api.w.org\/{rel}","templated":true}]}}